{"id":454,"date":"2022-12-19T02:29:04","date_gmt":"2022-12-19T02:29:04","guid":{"rendered":"https:\/\/gaviaspreview.com\/wp\/qizon\/?page_id=23"},"modified":"2024-11-16T07:43:21","modified_gmt":"2024-11-16T07:43:21","slug":"hakkimizda","status":"publish","type":"page","link":"https:\/\/projepartneri.com\/?page_id=454","title":{"rendered":"Hakk\u0131m\u0131zda"},"content":{"rendered":"\t\t<div data-elementor-type=\"wp-page\" data-elementor-id=\"454\" class=\"elementor elementor-454\">\n\t\t\t\t\t\t<section class=\"elementor-section elementor-top-section elementor-element elementor-element-ee503c8 elementor-section-boxed elementor-section-height-default elementor-section-height-default\" data-id=\"ee503c8\" data-element_type=\"section\" data-settings=\"{&quot;background_background&quot;:&quot;slideshow&quot;,&quot;background_slideshow_gallery&quot;:[{&quot;id&quot;:177,&quot;url&quot;:&quot;https:\\\/\\\/gaviaspreview.com\\\/wp\\\/qizon\\\/wp-content\\\/uploads\\\/2023\\\/01\\\/breadcrumb-01.jpg&quot;},{&quot;id&quot;:178,&quot;url&quot;:&quot;https:\\\/\\\/gaviaspreview.com\\\/wp\\\/qizon\\\/wp-content\\\/uploads\\\/2023\\\/01\\\/breadcrumb-02.jpg&quot;}],&quot;background_slideshow_ken_burns&quot;:&quot;yes&quot;,&quot;background_slideshow_loop&quot;:&quot;yes&quot;,&quot;background_slideshow_slide_duration&quot;:5000,&quot;background_slideshow_slide_transition&quot;:&quot;fade&quot;,&quot;background_slideshow_transition_duration&quot;:500,&quot;background_slideshow_ken_burns_zoom_direction&quot;:&quot;in&quot;}\">\n\t\t\t\t\t\t\t<div class=\"elementor-background-overlay\"><\/div>\n\t\t\t\t\t\t\t<div class=\"elementor-container elementor-column-gap-default\">\n\t\t\t\t\t<div class=\"elementor-column elementor-col-100 elementor-top-column elementor-element elementor-element-8028c45\" data-id=\"8028c45\" data-element_type=\"column\">\n\t\t\t<div class=\"elementor-widget-wrap elementor-element-populated\">\n\t\t\t\t\t\t<div class=\"elementor-element elementor-element-44fce45 elementor-widget elementor-widget-gva-heading-block\" data-id=\"44fce45\" data-element_type=\"widget\" data-widget_type=\"gva-heading-block.default\">\n\t\t\t\t<div class=\"elementor-widget-container\">\n\t\t\t\t\t<div class=\"gva-element-gva-heading-block gva-element\">   <div class=\"align-left style-3 widget gsc-heading box-align-left auto-responsive\">\r\n      <div class=\"content-inner\">\r\n         \r\n                  \r\n           \r\n         \r\n                     <h2 class=\"title\">\r\n               <span>Hakk\u0131m\u0131zda<\/span>\r\n            <\/h2>\r\n                  \r\n         \r\n         \r\n      <\/div>\r\n   <\/div>\r\n<\/div>\t\t\t\t<\/div>\n\t\t\t\t<\/div>\n\t\t\t\t\t<\/div>\n\t\t<\/div>\n\t\t\t\t\t<\/div>\n\t\t<\/section>\n\t\t\t\t<section class=\"elementor-section elementor-top-section elementor-element elementor-element-f278454 elementor-section-boxed elementor-section-height-default elementor-section-height-default\" data-id=\"f278454\" data-element_type=\"section\">\n\t\t\t\t\t\t<div class=\"elementor-container elementor-column-gap-default\">\n\t\t\t\t\t<div class=\"elementor-column elementor-col-50 elementor-top-column elementor-element elementor-element-7fba472\" data-id=\"7fba472\" data-element_type=\"column\">\n\t\t\t<div class=\"elementor-widget-wrap elementor-element-populated\">\n\t\t\t\t\t\t<div class=\"elementor-element elementor-element-37d74cb elementor-widget elementor-widget-gva-image-content\" data-id=\"37d74cb\" data-element_type=\"widget\" data-widget_type=\"gva-image-content.default\">\n\t\t\t\t<div class=\"elementor-widget-container\">\n\t\t\t\t\t<div class=\"gva-element-gva-image-content gva-element\">\t\t\r\n\t  \r\n\t \r\n\r\n\t \r\n\r\n\t\t\t<div class=\"about-three__single\">\r\n\t\t  \t<div class=\"about-three__image\"><div class=\"content-inner\">\t\t  <a href=\"https:\/\/gaviaspreview.com\/wp\/qizon\/about\/\">\r\n\t\t\t <img decoding=\"async\" src=\"https:\/\/gaviaspreview.com\/wp\/qizon\/wp-content\/uploads\/2022\/12\/image-03.jpg\" alt=\"\" \/>\t\t  <\/a>\r\n\t\t  <\/div><\/div><div class=\"about-three__line\"><\/div>\t\t<\/div>\r\n\t \r\n\r\n\t \r\n  \r\n \r\n\r\n  \r\n \r\n\r\n <\/div>\t\t\t\t<\/div>\n\t\t\t\t<\/div>\n\t\t\t\t\t<\/div>\n\t\t<\/div>\n\t\t\t\t<div class=\"elementor-column elementor-col-50 elementor-top-column elementor-element elementor-element-01c3651\" data-id=\"01c3651\" data-element_type=\"column\">\n\t\t\t<div class=\"elementor-widget-wrap elementor-element-populated\">\n\t\t\t\t\t\t<div class=\"elementor-element elementor-element-35cee78 elementor-widget__width-initial elementor-widget elementor-widget-gva-heading-block\" data-id=\"35cee78\" data-element_type=\"widget\" data-settings=\"{&quot;_animation&quot;:&quot;none&quot;}\" data-widget_type=\"gva-heading-block.default\">\n\t\t\t\t<div class=\"elementor-widget-container\">\n\t\t\t\t\t<div class=\"gva-element-gva-heading-block gva-element\">   <div class=\"align-left style-1 widget gsc-heading box-align-left auto-responsive\">\r\n      <div class=\"content-inner\">\r\n         \r\n                  \r\n         <div class=\"sub-title\"><span class=\"tagline\">proje Partneri<\/span><\/div>  \r\n         \r\n                     <h2 class=\"title\">\r\n               <span>Biz Kimiz?<\/span>\r\n            <\/h2>\r\n                  \r\n                     <div class=\"title-desc\"><p>2013 y\u0131l\u0131ndan bu yana, Avrupa Birli\u011fi projelerinde uzman bir \u00e7\u00f6z\u00fcm orta\u011f\u0131 olarak, g\u00fcvenilir ve kapsaml\u0131 hizmetler sunuyoruz. \u0130stanbul\u2019daki ofisimizle T\u00fcrkiye\u2019deki kurumlara destek verirken, \u0130talya ve Avusturya ba\u015fta olmak \u00fczere Avrupa Birli\u011fi\u2019nin t\u00fcm \u00fclkelerinde aktif bir \u015fekilde faaliyet g\u00f6steriyoruz.<\/p><br><p><strong>\u0130talya<\/strong>, zengin tarihi ve k\u00fclt\u00fcrel miras\u0131n\u0131n yan\u0131 s\u0131ra, y\u00fcksek kaliteli e\u011fitim sistemi ile de dikkat \u00e7ekmektedir. D\u00fcnya \u00e7ap\u0131nda tan\u0131nm\u0131\u015f \u00fcniversiteleri ve akademik altyap\u0131s\u0131 sayesinde, \u0130talya\u2019da e\u011fitim alan\u0131nda projeler y\u00fcr\u00fctmek i\u00e7in benzersiz f\u0131rsatlar sunuyoruz. \u00d6\u011frencilere ve akademisyenlere sundu\u011fumuz desteklerle, e\u011fitim projelerinizin ba\u015far\u0131yla hayata ge\u00e7irilmesine katk\u0131 sa\u011fl\u0131yoruz.<\/p><br><p><strong>Avusturya<\/strong> ise m\u00fczik, sanat ve k\u00fclt\u00fcr\u00fcn kalbi olarak \u00f6ne \u00e7\u0131kar. Mozart ve Beethoven gibi efsanevi bestecilere ev sahipli\u011fi yapm\u0131\u015f bu \u00fclke, tarihi yap\u0131lar\u0131 ve zarif \u015fehirleriyle estetik bir zenginlik sunar. Ayr\u0131ca, y\u00fcksek ya\u015fam kalitesiyle Avrupa\u2019n\u0131n en ya\u015fanabilir \u00fclkelerinden biri olarak tan\u0131n\u0131r. Avusturya\u2019daki projelerinizde, geni\u015f ba\u011flant\u0131lar\u0131m\u0131z ve yerel rehberlik hizmetimizle her t\u00fcrl\u00fc deste\u011fi sa\u011flamaktay\u0131z.<\/p><br><span style=\"color: var(--e-global-color-text);font-family: var(--qizon-font-sans-serif)\">Proje ortaklar\u0131 bulma, gerekli belgelerin temini ve yerel rehberlik gibi hizmetlerimizi \u015feffafl\u0131kla sunuyoruz.<\/span><br><br><span style=\"font-weight: 700\">\u00dcCRET TALEP ETMEMEKTEY\u0130Z: <\/span><span style=\"color: var(--e-global-color-text);font-family: var(--qizon-font-sans-serif)\">Avrupa Birli\u011fi projeleri kapsam\u0131nda verilen harc\u0131rahlar d\u0131\u015f\u0131nda ek bir \u00fccret talep etmiyoruz.<\/span><br><br><span style=\"color: var(--e-global-color-text);font-family: var(--qizon-font-sans-serif)\">\u0130talya ve Avusturya\u2019daki uzmanl\u0131\u011f\u0131m\u0131zla, i\u015fbirliklerinizi en \u00fcst d\u00fczeye ta\u015f\u0131mak i\u00e7in yan\u0131n\u0131zday\u0131z. <\/span><\/div>\r\n         \r\n         \r\n      <\/div>\r\n   <\/div>\r\n<\/div>\t\t\t\t<\/div>\n\t\t\t\t<\/div>\n\t\t\t\t\t<\/div>\n\t\t<\/div>\n\t\t\t\t\t<\/div>\n\t\t<\/section>\n\t\t\t\t<section class=\"elementor-section elementor-top-section elementor-element elementor-element-2b1fdfb elementor-section-boxed elementor-section-height-default elementor-section-height-default\" data-id=\"2b1fdfb\" data-element_type=\"section\">\n\t\t\t\t\t\t<div class=\"elementor-container elementor-column-gap-default\">\n\t\t\t\t\t<div class=\"elementor-column elementor-col-100 elementor-top-column elementor-element elementor-element-f9e27d8\" data-id=\"f9e27d8\" data-element_type=\"column\">\n\t\t\t<div class=\"elementor-widget-wrap elementor-element-populated\">\n\t\t\t\t\t\t<div class=\"elementor-element elementor-element-e83a927 elementor-widget elementor-widget-gva-heading-block\" data-id=\"e83a927\" data-element_type=\"widget\" data-widget_type=\"gva-heading-block.default\">\n\t\t\t\t<div class=\"elementor-widget-container\">\n\t\t\t\t\t<div class=\"gva-element-gva-heading-block gva-element\">   <div class=\"align-center style-1 widget gsc-heading box-align-center auto-responsive\">\r\n      <div class=\"content-inner\">\r\n         \r\n                  \r\n         <div class=\"sub-title\"><span class=\"tagline\">Ekibimiz<\/span><\/div>  \r\n         \r\n                     <h2 class=\"title\">\r\n               <span>Alan\u0131nda Uzman Ekibimiz ile Tan\u0131\u015f\u0131n<\/span>\r\n            <\/h2>\r\n                  \r\n         \r\n         \r\n      <\/div>\r\n   <\/div>\r\n<\/div>\t\t\t\t<\/div>\n\t\t\t\t<\/div>\n\t\t\t\t<div class=\"elementor-element elementor-element-1723680 elementor-widget elementor-widget-gva-team\" data-id=\"1723680\" data-element_type=\"widget\" data-widget_type=\"gva-team.default\">\n\t\t\t\t<div class=\"elementor-widget-container\">\n\t\t\t\t\t<div class=\"gva-element-gva-team gva-element\">\r\n<div class=\"gsc-team layout-grid\">\r\n   <div class=\"lg-block-grid-3 md-block-grid-3 sm-block-grid-2 xs-block-grid-1 xx-block-grid-1\">\r\n               <div class=\"item-columns\">\r\n            \r\n\t<div class=\"team-one__single elementor-repeater-item-a5bc32b\">\r\n\t\t<div class=\"team-one__image\"><img decoding=\"async\" src=\"https:\/\/gaviaspreview.com\/wp\/qizon\/wp-content\/plugins\/qizon-themer\/elementor\/assets\/images\/team-1.jpg\" alt=\"Jessica Brown\" \/><div class=\"team-one__social\"><div class=\"team-one__social-control\"><i class=\"fas fa-share-alt\"><\/i><\/div><div class=\"team-one__social-link\">\t\t  <a href=\"#\">\r\n\t\t\t <i class=\"fa fa-facebook\"><\/i>\t\t  <\/a>\r\n\t\t  \t\t  <a href=\"#\">\r\n\t\t\t <i class=\"fa fa-twitter\"><\/i>\t\t  <\/a>\r\n\t\t  \t\t  <a href=\"#\">\r\n\t\t\t <i class=\"fa fa-instagram\"><\/i>\t\t  <\/a>\r\n\t\t  \t\t  <a href=\"#\">\r\n\t\t\t <i class=\"fa fa-pinterest\"><\/i>\t\t  <\/a>\r\n\t\t  <\/div><\/div><\/div>\t\r\n\t\t<div class=\"team-one__content\">\r\n\t\t\t<div class=\"team-one__content-inner\">\r\n\t\t\t\t<h3 class=\"team-one__name\">Jessica Brown<\/h3><div class=\"team-one__job\">Manager<\/div>\t\t\t<\/div>   \r\n\t\t<\/div>\r\n\t<\/div>\t\t\r\n\r\n         <\/div>\r\n               <div class=\"item-columns\">\r\n            \r\n\t<div class=\"team-one__single elementor-repeater-item-b5e9054\">\r\n\t\t<div class=\"team-one__image\"><img decoding=\"async\" src=\"https:\/\/gaviaspreview.com\/wp\/qizon\/wp-content\/plugins\/qizon-themer\/elementor\/assets\/images\/team-2.jpg\" alt=\"Yoni Albert\" \/><div class=\"team-one__social\"><div class=\"team-one__social-control\"><i class=\"fas fa-share-alt\"><\/i><\/div><div class=\"team-one__social-link\">\t\t  <a href=\"#\">\r\n\t\t\t <i class=\"fa fa-facebook\"><\/i>\t\t  <\/a>\r\n\t\t  \t\t  <a href=\"#\">\r\n\t\t\t <i class=\"fa fa-twitter\"><\/i>\t\t  <\/a>\r\n\t\t  \t\t  <a href=\"#\">\r\n\t\t\t <i class=\"fa fa-instagram\"><\/i>\t\t  <\/a>\r\n\t\t  \t\t  <a href=\"#\">\r\n\t\t\t <i class=\"fa fa-pinterest\"><\/i>\t\t  <\/a>\r\n\t\t  <\/div><\/div><\/div>\t\r\n\t\t<div class=\"team-one__content\">\r\n\t\t\t<div class=\"team-one__content-inner\">\r\n\t\t\t\t<h3 class=\"team-one__name\">Yoni Albert<\/h3><div class=\"team-one__job\">leader<\/div>\t\t\t<\/div>   \r\n\t\t<\/div>\r\n\t<\/div>\t\t\r\n\r\n         <\/div>\r\n               <div class=\"item-columns\">\r\n            \r\n\t<div class=\"team-one__single elementor-repeater-item-10ed880\">\r\n\t\t<div class=\"team-one__image\"><img decoding=\"async\" src=\"https:\/\/gaviaspreview.com\/wp\/qizon\/wp-content\/plugins\/qizon-themer\/elementor\/assets\/images\/team-3.jpg\" alt=\"Project Manager\" \/><div class=\"team-one__social\"><div class=\"team-one__social-control\"><i class=\"fas fa-share-alt\"><\/i><\/div><div class=\"team-one__social-link\">\t\t  <a href=\"#\">\r\n\t\t\t <i class=\"fa fa-facebook\"><\/i>\t\t  <\/a>\r\n\t\t  \t\t  <a href=\"#\">\r\n\t\t\t <i class=\"fa fa-twitter\"><\/i>\t\t  <\/a>\r\n\t\t  \t\t  <a href=\"#\">\r\n\t\t\t <i class=\"fa fa-instagram\"><\/i>\t\t  <\/a>\r\n\t\t  \t\t  <a href=\"#\">\r\n\t\t\t <i class=\"fa fa-pinterest\"><\/i>\t\t  <\/a>\r\n\t\t  <\/div><\/div><\/div>\t\r\n\t\t<div class=\"team-one__content\">\r\n\t\t\t<div class=\"team-one__content-inner\">\r\n\t\t\t\t<h3 class=\"team-one__name\">Project Manager<\/h3><div class=\"team-one__job\">Consultant<\/div>\t\t\t<\/div>   \r\n\t\t<\/div>\r\n\t<\/div>\t\t\r\n\r\n         <\/div>\r\n         <\/div>   \r\n<\/div>\r\n<\/div>\t\t\t\t<\/div>\n\t\t\t\t<\/div>\n\t\t\t\t\t<\/div>\n\t\t<\/div>\n\t\t\t\t\t<\/div>\n\t\t<\/section>\n\t\t\t\t<\/div>\n\t\t","protected":false},"excerpt":{"rendered":"<p>Hakk\u0131m\u0131zda proje Partneri Biz Kimiz? 2013 y\u0131l\u0131ndan bu yana, Avrupa Birli\u011fi projelerinde uzman bir \u00e7\u00f6z\u00fcm orta\u011f\u0131 olarak, g\u00fcvenilir ve kapsaml\u0131 hizmetler sunuyoruz. \u0130stanbul\u2019daki ofisimizle T\u00fcrkiye\u2019deki kurumlara destek verirken, \u0130talya ve [&hellip;]<\/p>\n","protected":false},"author":1,"featured_media":0,"parent":0,"menu_order":0,"comment_status":"closed","ping_status":"closed","template":"","meta":{"footnotes":""},"class_list":["post-454","page","type-page","status-publish","hentry"],"wpcf_dashboard":"<div class=\"woocommerce\"><div class=\"woocommerce-info\">Please log in first? <a class=\"wpneoShowLogin\" href=\"#\">Click here to login<\/a><\/div><div class=\"wpneo_login_form_div\" style=\"display: none;\"><form name=\"loginform\" id=\"loginform\" action=\"https:\/\/projepartneri.com\/wp-login.php\" method=\"post\"><p class=\"login-username\">\n\t\t\t\t<label for=\"user_login\">Kullan\u0131c\u0131 ad\u0131 ya da e-posta adresi<\/label>\n\t\t\t\t<input type=\"text\" name=\"log\" id=\"user_login\" autocomplete=\"username\" class=\"input\" value=\"\" size=\"20\" \/>\n\t\t\t<\/p><p class=\"login-password\">\n\t\t\t\t<label for=\"user_pass\">Parola<\/label>\n\t\t\t\t<input type=\"password\" name=\"pwd\" id=\"user_pass\" autocomplete=\"current-password\" spellcheck=\"false\" class=\"input\" value=\"\" size=\"20\" \/>\n\t\t\t<\/p><p class=\"login-remember\"><label><input name=\"rememberme\" type=\"checkbox\" id=\"rememberme\" value=\"forever\" \/> Beni hat\u0131rla<\/label><\/p><p class=\"login-submit\">\n\t\t\t\t<input type=\"submit\" name=\"wp-submit\" id=\"wp-submit\" class=\"button button-primary\" value=\"Oturum a\u00e7\" \/>\n\t\t\t\t<input type=\"hidden\" name=\"redirect_to\" value=\"https:\/\/projepartneri.com\/index.php?rest_route=%2Fwp%2Fv2%2Fpages%2F454\" \/>\n\t\t\t<\/p><\/form><\/div><\/div>","_links":{"self":[{"href":"https:\/\/projepartneri.com\/index.php?rest_route=\/wp\/v2\/pages\/454","targetHints":{"allow":["GET"]}}],"collection":[{"href":"https:\/\/projepartneri.com\/index.php?rest_route=\/wp\/v2\/pages"}],"about":[{"href":"https:\/\/projepartneri.com\/index.php?rest_route=\/wp\/v2\/types\/page"}],"author":[{"embeddable":true,"href":"https:\/\/projepartneri.com\/index.php?rest_route=\/wp\/v2\/users\/1"}],"replies":[{"embeddable":true,"href":"https:\/\/projepartneri.com\/index.php?rest_route=%2Fwp%2Fv2%2Fcomments&post=454"}],"version-history":[{"count":16,"href":"https:\/\/projepartneri.com\/index.php?rest_route=\/wp\/v2\/pages\/454\/revisions"}],"predecessor-version":[{"id":828,"href":"https:\/\/projepartneri.com\/index.php?rest_route=\/wp\/v2\/pages\/454\/revisions\/828"}],"wp:attachment":[{"href":"https:\/\/projepartneri.com\/index.php?rest_route=%2Fwp%2Fv2%2Fmedia&parent=454"}],"curies":[{"name":"wp","href":"https:\/\/api.w.org\/{rel}","templated":true}]}}