{"id":534,"date":"2024-10-08T20:51:08","date_gmt":"2024-10-08T20:51:08","guid":{"rendered":"https:\/\/projepartneri.com\/?page_id=534"},"modified":"2024-10-25T07:42:24","modified_gmt":"2024-10-25T07:42:24","slug":"erasmus-comenius","status":"publish","type":"page","link":"https:\/\/projepartneri.com\/?page_id=534","title":{"rendered":"Erasmus+ Comenius"},"content":{"rendered":"\t\t<div data-elementor-type=\"wp-page\" data-elementor-id=\"534\" class=\"elementor elementor-534\">\n\t\t\t\t\t\t<section class=\"elementor-section elementor-top-section elementor-element elementor-element-52d8d467 elementor-section-boxed elementor-section-height-default elementor-section-height-default\" data-id=\"52d8d467\" data-element_type=\"section\">\n\t\t\t\t\t\t<div class=\"elementor-container elementor-column-gap-default\">\n\t\t\t\t\t<div class=\"elementor-column elementor-col-50 elementor-top-column elementor-element elementor-element-61f8ff08\" data-id=\"61f8ff08\" data-element_type=\"column\">\n\t\t\t<div class=\"elementor-widget-wrap elementor-element-populated\">\n\t\t\t\t\t\t<div class=\"elementor-element elementor-element-35893032 elementor-widget elementor-widget-gva-image-content\" data-id=\"35893032\" data-element_type=\"widget\" data-widget_type=\"gva-image-content.default\">\n\t\t\t\t<div class=\"elementor-widget-container\">\n\t\t\t\t\t<div class=\"gva-element-gva-image-content gva-element\">\t\t\r\n\t  \r\n\t \r\n\r\n\t \r\n\r\n\t \r\n\r\n\t\t\t<div class=\"about-four__single\">\r\n\t\t\t<div class=\"about-four__wrap\">\r\n\t\t\t  \t<div class=\"about-four__left\"><div class=\"about-four__image-second\"><div class=\"content-inner\">\t\t  <a href=\"https:\/\/gaviaspreview.com\/wp\/qizon\/about\/\">\r\n\t\t\t <img decoding=\"async\" src=\"https:\/\/gaviaspreview.com\/wp\/qizon\/wp-content\/uploads\/2022\/12\/image-07.jpg\" alt=\"\" \/>\t\t  <\/a>\r\n\t\t  <\/div><\/div><\/div><div class=\"about-four__right\"><div class=\"about-four__image\"><div class=\"content-inner\">\t\t  <a href=\"https:\/\/gaviaspreview.com\/wp\/qizon\/about\/\">\r\n\t\t\t <img decoding=\"async\" src=\"https:\/\/gaviaspreview.com\/wp\/qizon\/wp-content\/uploads\/2022\/12\/image-06.jpg\" alt=\"\" \/>\t\t  <\/a>\r\n\t\t  <\/div><\/div><\/div>\t\t\t<\/div>\t\r\n\t\t<\/div>\r\n\t \r\n  \r\n \r\n\r\n  \r\n \r\n\r\n <\/div>\t\t\t\t<\/div>\n\t\t\t\t<\/div>\n\t\t\t\t<div class=\"elementor-element elementor-element-dc9cc93 elementor-widget elementor-widget-text-editor\" data-id=\"dc9cc93\" data-element_type=\"widget\" data-widget_type=\"text-editor.default\">\n\t\t\t\t<div class=\"elementor-widget-container\">\n\t\t\t\t\t\t\t\t\t<div class=\"main-content\"><div class=\"sfContentBlock\"><h3>Erasmus+ Program\u0131 Temel Belgeler<\/h3><p><a class=\"link\" href=\"http:\/\/new.eur-lex.europa.eu\/legal-content\/EN\/TXT\/?uri=uriserv:OJ.C_.2013.362.01.0062.01.ENG\" target=\"_blank\" rel=\"noopener\">Erasmus+ Teklif \u00c7a\u011fr\u0131s\u0131<\/a><\/p><p><a class=\"link\" href=\"http:\/\/www.ua.gov.tr\/programlar\/teklif-%C3%A7a%C4%9Fr%C4%B1lar%C4%B1\" target=\"_blank\" rel=\"noopener\">Erasmus+ Program Rehberi (T\u00fcrk\u00e7e)<\/a><\/p><p><a class=\"link\" href=\"http:\/\/ec.europa.eu\/programmes\/erasmus-plus\/documents\/form\/school_education_staff_mobility_en.pdf\" target=\"_blank\" rel=\"noopener\">Okul E\u011fitimi Personelinin \u00d6\u011frenme Hareketlili\u011fi Taslak Ba\u015fvuru Formu (KA1)<\/a><\/p><p><a class=\"link\" href=\"http:\/\/ec.europa.eu\/programmes\/erasmus-plus\/documents\/form\/strategic_partnerships_school_education_en.pdf\" target=\"_blank\" rel=\"noopener\">Okul E\u011fitimi Alan\u0131nda Stratejik Ortakl\u0131klar Taslak Ba\u015fvuru Formu (KA2)<\/a><\/p><p><strong>\u00d6nemli Not:<\/strong>\u00a0Erasmus+ Program\u0131n\u0131n t\u00fcm ba\u015fvuru formlar\u0131 taslak olarak\u00a0<a class=\"no-icon link\" href=\"http:\/\/ec.europa.eu\/programmes\/erasmus-plus\/index_en.htm\" target=\"_blank\" rel=\"noopener\">Avrupa Komisyonu Erasmus+ Program\u0131 resmi web sayfas\u0131nda<\/a>\u00a0yay\u0131nlanmaktad\u0131r. L\u00fctfen sayfam\u0131z\u0131 takip etmeye devam ediniz.<\/p><\/div><\/div><p>Bu sayfadaki bilgiler T\u00fcrkiye Ulusal Ajans\u0131 Resmi Web Sitesinden al\u0131nm\u0131\u015ft\u0131r. Daha ayr\u0131nt\u0131l\u0131 bilgi i\u00e7in\u00a0<a href=\"http:\/\/www.ua.gov.tr\/programlar\/erasmus-program%C4%B1\/comenius-program%C4%B1\" target=\"_blank\" rel=\"noopener\">adresini\u00a0<\/a>ziyaret edebilirsiniz.<\/p>\t\t\t\t\t\t\t\t<\/div>\n\t\t\t\t<\/div>\n\t\t\t\t\t<\/div>\n\t\t<\/div>\n\t\t\t\t<div class=\"elementor-column elementor-col-50 elementor-top-column elementor-element elementor-element-6db36424\" data-id=\"6db36424\" data-element_type=\"column\">\n\t\t\t<div class=\"elementor-widget-wrap elementor-element-populated\">\n\t\t\t\t\t\t<div class=\"elementor-element elementor-element-44ea175f elementor-widget elementor-widget-text-editor\" data-id=\"44ea175f\" data-element_type=\"widget\" data-widget_type=\"text-editor.default\">\n\t\t\t\t<div class=\"elementor-widget-container\">\n\t\t\t\t\t\t\t\t\t<h3>Erasmus+ Comenius Program\u0131 (Okul E\u011fitimi Alan\u0131nda Erasmus+) nedir?<\/h3>\t\t\t\t\t\t\t\t<\/div>\n\t\t\t\t<\/div>\n\t\t\t\t<div class=\"elementor-element elementor-element-f8ae607 elementor-widget elementor-widget-text-editor\" data-id=\"f8ae607\" data-element_type=\"widget\" data-widget_type=\"text-editor.default\">\n\t\t\t\t<div class=\"elementor-widget-container\">\n\t\t\t\t\t\t\t\t\t<div class=\"main-content\"><div class=\"sfContentBlock\"><div><p>Avrupa Birli\u011fi Komisyonu taraf\u0131ndan 2021-2027 y\u0131llar\u0131 aras\u0131nda y\u00fcr\u00fct\u00fclen Erasmus+ Program\u0131, okul e\u011fitimi alan\u0131nda sa\u011flanan hibe desteklerini kapsamaktad\u0131r. Bu program, e\u011fitimde kaliteyi art\u0131rmay\u0131 ve Program \u00dclkeleri&#8217;ndeki okullar ile e\u011fitim personeli aras\u0131nda i\u015fbirli\u011fini g\u00fc\u00e7lendirmeyi ama\u00e7lamaktad\u0131r.<\/p><p>Erasmus+ Program\u0131\u2019n\u0131n hedef kitlesi, okul e\u011fitimine taraf olan kamu veya \u00f6zel kurum ve kurulu\u015flar ile bu kurumlardaki idareciler, e\u011fitimciler\/\u00f6\u011fretmenler ve \u00f6\u011frencileri kapsamaktad\u0131r. Ba\u015fvurular yaln\u0131zca kurum ve kurulu\u015flar taraf\u0131ndan ilgili birimlere yap\u0131labilmektedir. Bireysel ba\u015fvurular kabul edilmemektedir.<\/p><p>Erasmus+ Program\u0131 alt\u0131nda okul e\u011fitimi alan\u0131nda sa\u011flanan hibe deste\u011fi ile ilgili faaliyetler a\u015fa\u011f\u0131da listelenmi\u015ftir. Detayl\u0131 bilgi almak \u00fczere ilgili faaliyetin \u00fczerine t\u0131klaman\u0131z yeterlidir.<\/p><\/div><p>Ana Eylem 1 \u2013 Bireylerin \u00d6\u011frenme Hareketlili\u011fi (KA1) alt\u0131nda yer alan<\/p><ul><li><a class=\"no-icon link\" href=\"http:\/\/www.ua.gov.tr\/programlar\/erasmus-program%C4%B1\/comenius-program%C4%B1\/%C3%B6%C4%9Frenme-hareketlili%C4%9Fi\" target=\"_blank\" rel=\"noopener\">\u00a0 \u00a0 Okul E\u011fitimi Personelinin \u00d6\u011frenme Hareketlili\u011fi\u00a0<\/a>(Ba\u015fvurular Ba\u015fkanl\u0131\u011f\u0131m\u0131za yap\u0131lmaktad\u0131r)<\/li><\/ul><p>Ana Eylem 2 \u2013 Yenilik ve \u0130yi Uygulama De\u011fi\u015fimi i\u00e7in \u0130\u015fbirli\u011fi(KA2) alt\u0131nda yer alan<\/p><ul><li><a class=\"no-icon link\" href=\"http:\/\/www.ua.gov.tr\/programlar\/erasmus-program%C4%B1\/comenius-program%C4%B1\/stratejik-ortakl%C4%B1klar\" target=\"_blank\" rel=\"noopener\">\u00a0 \u00a0 Stratejik Ortakl\u0131klar<\/a>\u00a0(Ba\u015fvurular Ba\u015fkanl\u0131\u011f\u0131m\u0131za yap\u0131lmaktad\u0131r)<\/li><\/ul><p>Ana Eylem 3 \u2013 Politika Reformuna Destek (KA3):\u00a0Ba\u015fvurular,\u00a0<a class=\"no-icon link\" href=\"http:\/\/eacea.ec.europa.eu\/erasmus-plus_en\" target=\"_blank\" rel=\"noopener\">\u2022\u00a0\u00a0 \u00a0Avrupa Komisyonu E\u011fitim, \u0130\u015fitsel ve G\u00f6rsel ve K\u00fclt\u00fcr Y\u00fcr\u00fctme Ajans\u0131\u2019na (Education, Ausio-Visual and Culture Executive Agency)<\/a>\u00a0sunulacakt\u0131r.<\/p><\/div><\/div>\t\t\t\t\t\t\t\t<\/div>\n\t\t\t\t<\/div>\n\t\t\t\t\t<\/div>\n\t\t<\/div>\n\t\t\t\t\t<\/div>\n\t\t<\/section>\n\t\t\t\t<\/div>\n\t\t","protected":false},"excerpt":{"rendered":"<p>Erasmus+ Program\u0131 Temel Belgeler Erasmus+ Teklif \u00c7a\u011fr\u0131s\u0131 Erasmus+ Program Rehberi (T\u00fcrk\u00e7e) Okul E\u011fitimi Personelinin \u00d6\u011frenme Hareketlili\u011fi Taslak Ba\u015fvuru Formu (KA1) Okul E\u011fitimi Alan\u0131nda Stratejik Ortakl\u0131klar Taslak Ba\u015fvuru Formu (KA2) \u00d6nemli [&hellip;]<\/p>\n","protected":false},"author":1,"featured_media":0,"parent":0,"menu_order":0,"comment_status":"closed","ping_status":"closed","template":"","meta":{"footnotes":""},"class_list":["post-534","page","type-page","status-publish","hentry"],"wpcf_dashboard":"<div class=\"woocommerce\"><div class=\"woocommerce-info\">Please log in first? <a class=\"wpneoShowLogin\" href=\"#\">Click here to login<\/a><\/div><div class=\"wpneo_login_form_div\" style=\"display: none;\"><form name=\"loginform\" id=\"loginform\" action=\"https:\/\/projepartneri.com\/wp-login.php\" method=\"post\"><p class=\"login-username\">\n\t\t\t\t<label for=\"user_login\">Kullan\u0131c\u0131 ad\u0131 ya da e-posta adresi<\/label>\n\t\t\t\t<input type=\"text\" name=\"log\" id=\"user_login\" autocomplete=\"username\" class=\"input\" value=\"\" size=\"20\" \/>\n\t\t\t<\/p><p class=\"login-password\">\n\t\t\t\t<label for=\"user_pass\">Parola<\/label>\n\t\t\t\t<input type=\"password\" name=\"pwd\" id=\"user_pass\" autocomplete=\"current-password\" spellcheck=\"false\" class=\"input\" value=\"\" size=\"20\" \/>\n\t\t\t<\/p><p class=\"login-remember\"><label><input name=\"rememberme\" type=\"checkbox\" id=\"rememberme\" value=\"forever\" \/> Beni hat\u0131rla<\/label><\/p><p class=\"login-submit\">\n\t\t\t\t<input type=\"submit\" name=\"wp-submit\" id=\"wp-submit\" class=\"button button-primary\" value=\"Oturum a\u00e7\" \/>\n\t\t\t\t<input type=\"hidden\" name=\"redirect_to\" value=\"https:\/\/projepartneri.com\/index.php?rest_route=%2Fwp%2Fv2%2Fpages%2F534\" \/>\n\t\t\t<\/p><\/form><\/div><\/div>","_links":{"self":[{"href":"https:\/\/projepartneri.com\/index.php?rest_route=\/wp\/v2\/pages\/534","targetHints":{"allow":["GET"]}}],"collection":[{"href":"https:\/\/projepartneri.com\/index.php?rest_route=\/wp\/v2\/pages"}],"about":[{"href":"https:\/\/projepartneri.com\/index.php?rest_route=\/wp\/v2\/types\/page"}],"author":[{"embeddable":true,"href":"https:\/\/projepartneri.com\/index.php?rest_route=\/wp\/v2\/users\/1"}],"replies":[{"embeddable":true,"href":"https:\/\/projepartneri.com\/index.php?rest_route=%2Fwp%2Fv2%2Fcomments&post=534"}],"version-history":[{"count":10,"href":"https:\/\/projepartneri.com\/index.php?rest_route=\/wp\/v2\/pages\/534\/revisions"}],"predecessor-version":[{"id":778,"href":"https:\/\/projepartneri.com\/index.php?rest_route=\/wp\/v2\/pages\/534\/revisions\/778"}],"wp:attachment":[{"href":"https:\/\/projepartneri.com\/index.php?rest_route=%2Fwp%2Fv2%2Fmedia&parent=534"}],"curies":[{"name":"wp","href":"https:\/\/api.w.org\/{rel}","templated":true}]}}