{"id":572,"date":"2024-10-08T21:27:21","date_gmt":"2024-10-08T21:27:21","guid":{"rendered":"https:\/\/projepartneri.com\/?page_id=572"},"modified":"2024-10-25T07:55:27","modified_gmt":"2024-10-25T07:55:27","slug":"erasmus-grundtvig-programi","status":"publish","type":"page","link":"https:\/\/projepartneri.com\/?page_id=572","title":{"rendered":"Erasmus + Grundtvig \u00a0Program\u0131"},"content":{"rendered":"\t\t<div data-elementor-type=\"wp-page\" data-elementor-id=\"572\" class=\"elementor elementor-572\">\n\t\t\t\t\t\t<section class=\"elementor-section elementor-top-section elementor-element elementor-element-44abd478 elementor-section-boxed elementor-section-height-default elementor-section-height-default\" data-id=\"44abd478\" data-element_type=\"section\">\n\t\t\t\t\t\t<div class=\"elementor-container elementor-column-gap-default\">\n\t\t\t\t\t<div class=\"elementor-column elementor-col-50 elementor-top-column elementor-element elementor-element-4791c0e9\" data-id=\"4791c0e9\" data-element_type=\"column\">\n\t\t\t<div class=\"elementor-widget-wrap elementor-element-populated\">\n\t\t\t\t\t\t<div class=\"elementor-element elementor-element-3409834c elementor-widget elementor-widget-gva-image-content\" data-id=\"3409834c\" data-element_type=\"widget\" data-widget_type=\"gva-image-content.default\">\n\t\t\t\t<div class=\"elementor-widget-container\">\n\t\t\t\t\t<div class=\"gva-element-gva-image-content gva-element\">\t\t\r\n\t  \r\n\t \r\n\r\n\t \r\n\r\n\t \r\n\r\n\t\t\t<div class=\"about-four__single\">\r\n\t\t\t<div class=\"about-four__wrap\">\r\n\t\t\t  \t<div class=\"about-four__left\"><div class=\"about-four__image-second\"><div class=\"content-inner\">\t\t  <a href=\"https:\/\/gaviaspreview.com\/wp\/qizon\/about\/\">\r\n\t\t\t <img decoding=\"async\" src=\"https:\/\/gaviaspreview.com\/wp\/qizon\/wp-content\/uploads\/2022\/12\/image-07.jpg\" alt=\"\" \/>\t\t  <\/a>\r\n\t\t  <\/div><\/div><\/div><div class=\"about-four__right\"><div class=\"about-four__image\"><div class=\"content-inner\">\t\t  <a href=\"https:\/\/gaviaspreview.com\/wp\/qizon\/about\/\">\r\n\t\t\t <img decoding=\"async\" src=\"https:\/\/gaviaspreview.com\/wp\/qizon\/wp-content\/uploads\/2022\/12\/image-06.jpg\" alt=\"\" \/>\t\t  <\/a>\r\n\t\t  <\/div><\/div><\/div>\t\t\t<\/div>\t\r\n\t\t<\/div>\r\n\t \r\n  \r\n \r\n\r\n  \r\n \r\n\r\n <\/div>\t\t\t\t<\/div>\n\t\t\t\t<\/div>\n\t\t\t\t<div class=\"elementor-element elementor-element-29340b11 elementor-widget elementor-widget-text-editor\" data-id=\"29340b11\" data-element_type=\"widget\" data-widget_type=\"text-editor.default\">\n\t\t\t\t<div class=\"elementor-widget-container\">\n\t\t\t\t\t\t\t\t\t<div class=\"main-content\">\n<div class=\"sfContentBlock\">\n<h3 style=\"box-sizing: border-box; margin-top: 15px; margin-bottom: 20px; font-family: var(--qizon-heading-font-family); font-weight: 600; line-height: 1.22; color: var(--e-global-color-accent); font-size: 1.5rem; letter-spacing: -0.02em;\">Erasmus+ Program\u0131 Temel Belgeler<\/h3><h3><div class=\"main-content\" style=\"color: rgb(132, 132, 147); font-size: 16px; font-weight: 300; letter-spacing: normal;\"><div class=\"sfContentBlock\"><p><a class=\"link\" href=\"http:\/\/new.eur-lex.europa.eu\/legal-content\/EN\/TXT\/PDF\/?uri=OJ:JOC_2013_362_R_NS0004&amp;from=EN\" target=\"_blank\" rel=\"noopener\">Erasmus+ Teklif \u00c7a\u011fr\u0131s\u0131<\/a><\/p><p><a class=\"pdf link\" href=\"http:\/\/www.ua.gov.tr\/docs\/default-source\/hayatboyu-%C3%B6%C4%9Frenme\/erasmus-_-program_-rehberi.pdf?sfvrsn=0\" target=\"_blank\" rel=\"noopener\">Erasmus+ Program Rehberi (T\u00fcrk\u00e7e)<\/a><\/p><p><a class=\"link\" href=\"http:\/\/ec.europa.eu\/programmes\/erasmus-plus\/documents\/erasmus-plus-programme-guide_en.pdf\" target=\"_blank\" rel=\"noopener\">Erasmus+ Program Rehberi (\u0130ngilizce)<\/a><\/p><p><a class=\"link\" href=\"http:\/\/ec.europa.eu\/programmes\/erasmus-plus\/documents\/form\/adult_education_staff_mobility_en.pdf\" target=\"_blank\" rel=\"noopener\">Yeti\u015fkin E\u011fitimi Personelinin Hareketlili\u011fi Taslak Ba\u015fvuru Formu&nbsp;(KA1)<\/a><\/p><p><a class=\"link\" href=\"http:\/\/ec.europa.eu\/programmes\/erasmus-plus\/documents\/form\/strategic_partnerships_adult_learning_en.pdf\" target=\"_blank\" rel=\"noopener\">Yeti\u015fkin E\u011fitimi Alan\u0131nda Stratejik Ortakl\u0131klar Taslak Ba\u015fvuru Formu (KA2)<\/a><\/p><p><span style=\"font-weight: bolder;\">\u00d6nemli Not:<\/span>&nbsp;Nihai ba\u015fvuru formlar\u0131 hen\u00fcz yay\u0131nlanmam\u0131\u015ft\u0131r. Erasmus+ Program\u0131n\u0131n t\u00fcm ba\u015fvuru formlar\u0131 taslak olarak&nbsp;<a class=\"no-icon link\" href=\"http:\/\/ec.europa.eu\/programmes\/erasmus-plus\/index_en.htm\" target=\"_blank\" rel=\"noopener\">Avrupa Komisyonu Erasmus+ Program\u0131 resmi web sayfas\u0131nda<\/a>&nbsp;yay\u0131nlanmaktad\u0131r. L\u00fctfen sayfam\u0131z\u0131 takip etmeye devam ediniz.<\/p><\/div><\/div><p style=\"color: rgb(132, 132, 147); font-size: 16px; font-weight: 300; letter-spacing: normal;\">Bu sayfadaki bilgiler T\u00fcrkiye Ulusal Ajans\u0131 Resmi Web Sitesinden al\u0131nm\u0131\u015ft\u0131r. Daha ayr\u0131nt\u0131l\u0131 bilgi i\u00e7in&nbsp;<a href=\"http:\/\/www.ua.gov.tr\/programlar\/erasmus-program%C4%B1\/grundtvig-program%C4%B1\" target=\"_blank\" rel=\"noopener\">adresini&nbsp;<\/a>ziyaret edebilirsiniz.<\/p><\/h3><\/div><\/div>\t\t\t\t\t\t\t\t<\/div>\n\t\t\t\t<\/div>\n\t\t\t\t\t<\/div>\n\t\t<\/div>\n\t\t\t\t<div class=\"elementor-column elementor-col-50 elementor-top-column elementor-element elementor-element-e735fd2\" data-id=\"e735fd2\" data-element_type=\"column\">\n\t\t\t<div class=\"elementor-widget-wrap elementor-element-populated\">\n\t\t\t\t\t\t<div class=\"elementor-element elementor-element-22bbf21b elementor-widget elementor-widget-text-editor\" data-id=\"22bbf21b\" data-element_type=\"widget\" data-widget_type=\"text-editor.default\">\n\t\t\t\t<div class=\"elementor-widget-container\">\n\t\t\t\t\t\t\t\t\t<h3>Erasmus+ Grundtvig Program\u0131 (Yeti\u015fkin E\u011fitimi alan\u0131nda Erasmus+) nedir?<\/h3>\t\t\t\t\t\t\t\t<\/div>\n\t\t\t\t<\/div>\n\t\t\t\t<div class=\"elementor-element elementor-element-2eb1021c elementor-widget elementor-widget-text-editor\" data-id=\"2eb1021c\" data-element_type=\"widget\" data-widget_type=\"text-editor.default\">\n\t\t\t\t<div class=\"elementor-widget-container\">\n\t\t\t\t\t\t\t\t\t<div class=\"main-content\"><div class=\"sfContentBlock\"><div class=\"main-content\"><p>Erasmus+ Program\u0131, 2014-2020 y\u0131llar\u0131 aras\u0131nda Avrupa Birli\u011fi taraf\u0131ndan y\u00fcr\u00fct\u00fclen bir inisiyatiftir. Bu program, daha \u00f6nce uygulanan Hayatboyu \u00d6\u011frenme Program\u0131&#8217;n\u0131n (2007-2013) devam\u0131 niteli\u011findedir. Erasmus+, e\u011fitim, gen\u00e7lik ve spor alanlar\u0131nda yeni ihtiya\u00e7lara y\u00f6nelik Avrupa 2020 Stratejisi hedeflerine uygun olarak farkl\u0131 sekt\u00f6rler aras\u0131nda i\u015fbirli\u011fini te\u015fvik eden etkili ara\u00e7lar sunmay\u0131 ama\u00e7lamaktad\u0131r.<\/p><p>Yeti\u015fkin e\u011fitimi alan\u0131nda, Erasmus+ Program\u0131&#8217;n\u0131n hedefleri aras\u0131nda yayg\u0131n e\u011fitimin kalitesini art\u0131rmak ve \u00fcye \u00fclkelerdeki yeti\u015fkin e\u011fitimi kurumlar\u0131 aras\u0131ndaki i\u015fbirli\u011fini g\u00fc\u00e7lendirmek yer almaktad\u0131r. Bu kapsamda, yeti\u015fkin e\u011fitimi hizmeti veren kurumlar, e\u011fitimciler ve \u00f6\u011freniciler hedef kitlesini olu\u015fturmaktad\u0131r.<\/p><p>Program, yayg\u0131n e\u011fitim kurumlar\u0131, sivil toplum kurulu\u015flar\u0131, ara\u015ft\u0131rma merkezleri, y\u00fcksek \u00f6\u011frenim kurumlar\u0131 ve di\u011fer ilgili kurulu\u015flar aras\u0131nda uluslararas\u0131 ortakl\u0131klar kurarak i\u015fbirli\u011fini te\u015fvik etmektedir. Ba\u015fvurular, yaln\u0131zca bu t\u00fcr kurum ve kurulu\u015flar taraf\u0131ndan yap\u0131labilmekte, bireysel ba\u015fvurular kabul edilmemektedir\u0131 hakk\u0131nda daha fazla bilgi i\u00e7in T\u00fcrkiye Ulusal Ajans\u0131&#8217;n\u0131n resmi web sitesini ziyaret edebilirsin: <a href=\"https:\/\/www.ua.gov.tr\/programlar_\/erasmus-programi\/\" target=\"_new\" rel=\"noopener\">T\u00fcrkiye Ulusal Ajans\u0131<\/a>.<\/p><div class=\"sfContentBlock\"><p>Erasmus+ Program\u0131 alt\u0131nda Yeti\u015fkin E\u011fitimi alan\u0131nda hibe deste\u011fi sa\u011flanan faaliyetler a\u015fa\u011f\u0131da verilmektedir. Detayl\u0131 bilgi almak \u00fczere ilgili faaliyetin \u00fczerine t\u0131klaman\u0131z yeterlidir.<\/p><h4>Ana Eylem 1 \u2013 Bireylerin \u00d6\u011frenme Hareketlili\u011fi (KA1 alt\u0131nda yer alan)<\/h4><ul><li><h5><a class=\"no-icon link\" href=\"http:\/\/www.ua.gov.tr\/programlar\/erasmus-program%C4%B1\/grundtvig-program%C4%B1\/%C3%B6%C4%9Frenme-hareketlili%C4%9Fi\" target=\"_blank\" rel=\"noopener\">\u00a0 \u00a0 Yeti\u015fkin E\u011fitimi Personelinin \u00d6\u011frenme Hareketlili\u011fi<\/a>\u00a0(Ba\u015fvurular Ba\u015fkanl\u0131\u011f\u0131m\u0131za yap\u0131lmaktad\u0131r)<\/h5><\/li><\/ul><h4><strong>Ana Eylem 2 \u2013<\/strong>\u00a0Yenilik ve \u0130yi Uygulama De\u011fi\u015fimi i\u00e7in \u0130\u015fbirli\u011fi (KA2 alt\u0131nda yer alan)<\/h4><ul><li><a class=\"no-icon link\" href=\"http:\/\/www.ua.gov.tr\/programlar\/erasmus-program%C4%B1\/grundtvig-program%C4%B1\/stratejik-ortakl%C4%B1klar\" target=\"_blank\" rel=\"noopener\">\u00a0 \u00a0 Stratejik Ortakl\u0131klar<\/a>\u00a0(Ba\u015fvurular Ba\u015fkanl\u0131\u011f\u0131m\u0131za yap\u0131lmaktad\u0131r)<\/li><\/ul><h3>\u00a0<\/h3><\/div><\/div><\/div><\/div>\t\t\t\t\t\t\t\t<\/div>\n\t\t\t\t<\/div>\n\t\t\t\t\t<\/div>\n\t\t<\/div>\n\t\t\t\t\t<\/div>\n\t\t<\/section>\n\t\t\t\t<\/div>\n\t\t","protected":false},"excerpt":{"rendered":"<p>Erasmus+ Program\u0131 Temel Belgeler Erasmus+ Teklif \u00c7a\u011fr\u0131s\u0131 Erasmus+ Program Rehberi (T\u00fcrk\u00e7e) Erasmus+ Program Rehberi (\u0130ngilizce) Yeti\u015fkin E\u011fitimi Personelinin Hareketlili\u011fi Taslak Ba\u015fvuru Formu&nbsp;(KA1) Yeti\u015fkin E\u011fitimi Alan\u0131nda Stratejik Ortakl\u0131klar Taslak Ba\u015fvuru Formu [&hellip;]<\/p>\n","protected":false},"author":1,"featured_media":0,"parent":0,"menu_order":0,"comment_status":"closed","ping_status":"closed","template":"","meta":{"footnotes":""},"class_list":["post-572","page","type-page","status-publish","hentry"],"wpcf_dashboard":"<div class=\"woocommerce\"><div class=\"woocommerce-info\">Please log in first? <a class=\"wpneoShowLogin\" href=\"#\">Click here to login<\/a><\/div><div class=\"wpneo_login_form_div\" style=\"display: none;\"><form name=\"loginform\" id=\"loginform\" action=\"https:\/\/projepartneri.com\/wp-login.php\" method=\"post\"><p class=\"login-username\">\n\t\t\t\t<label for=\"user_login\">Kullan\u0131c\u0131 ad\u0131 ya da e-posta adresi<\/label>\n\t\t\t\t<input type=\"text\" name=\"log\" id=\"user_login\" autocomplete=\"username\" class=\"input\" value=\"\" size=\"20\" \/>\n\t\t\t<\/p><p class=\"login-password\">\n\t\t\t\t<label for=\"user_pass\">Parola<\/label>\n\t\t\t\t<input type=\"password\" name=\"pwd\" id=\"user_pass\" autocomplete=\"current-password\" spellcheck=\"false\" class=\"input\" value=\"\" size=\"20\" \/>\n\t\t\t<\/p><p class=\"login-remember\"><label><input name=\"rememberme\" type=\"checkbox\" id=\"rememberme\" value=\"forever\" \/> Beni hat\u0131rla<\/label><\/p><p class=\"login-submit\">\n\t\t\t\t<input type=\"submit\" name=\"wp-submit\" id=\"wp-submit\" class=\"button button-primary\" value=\"Oturum a\u00e7\" \/>\n\t\t\t\t<input type=\"hidden\" name=\"redirect_to\" value=\"https:\/\/projepartneri.com\/index.php?rest_route=%2Fwp%2Fv2%2Fpages%2F572\" \/>\n\t\t\t<\/p><\/form><\/div><\/div>","_links":{"self":[{"href":"https:\/\/projepartneri.com\/index.php?rest_route=\/wp\/v2\/pages\/572","targetHints":{"allow":["GET"]}}],"collection":[{"href":"https:\/\/projepartneri.com\/index.php?rest_route=\/wp\/v2\/pages"}],"about":[{"href":"https:\/\/projepartneri.com\/index.php?rest_route=\/wp\/v2\/types\/page"}],"author":[{"embeddable":true,"href":"https:\/\/projepartneri.com\/index.php?rest_route=\/wp\/v2\/users\/1"}],"replies":[{"embeddable":true,"href":"https:\/\/projepartneri.com\/index.php?rest_route=%2Fwp%2Fv2%2Fcomments&post=572"}],"version-history":[{"count":7,"href":"https:\/\/projepartneri.com\/index.php?rest_route=\/wp\/v2\/pages\/572\/revisions"}],"predecessor-version":[{"id":796,"href":"https:\/\/projepartneri.com\/index.php?rest_route=\/wp\/v2\/pages\/572\/revisions\/796"}],"wp:attachment":[{"href":"https:\/\/projepartneri.com\/index.php?rest_route=%2Fwp%2Fv2%2Fmedia&parent=572"}],"curies":[{"name":"wp","href":"https:\/\/api.w.org\/{rel}","templated":true}]}}