{"id":579,"date":"2024-10-08T21:31:52","date_gmt":"2024-10-08T21:31:52","guid":{"rendered":"https:\/\/projepartneri.com\/?page_id=579"},"modified":"2024-10-25T07:57:11","modified_gmt":"2024-10-25T07:57:11","slug":"bilgi-ortakliklari","status":"publish","type":"page","link":"https:\/\/projepartneri.com\/?page_id=579","title":{"rendered":"Bilgi Ortakl\u0131klar\u0131"},"content":{"rendered":"\t\t<div data-elementor-type=\"wp-page\" data-elementor-id=\"579\" class=\"elementor elementor-579\">\n\t\t\t\t\t\t<section class=\"elementor-section elementor-top-section elementor-element elementor-element-7b960a2d elementor-section-boxed elementor-section-height-default elementor-section-height-default\" data-id=\"7b960a2d\" data-element_type=\"section\">\n\t\t\t\t\t\t<div class=\"elementor-container elementor-column-gap-default\">\n\t\t\t\t\t<div class=\"elementor-column elementor-col-50 elementor-top-column elementor-element elementor-element-682bc419\" data-id=\"682bc419\" data-element_type=\"column\">\n\t\t\t<div class=\"elementor-widget-wrap elementor-element-populated\">\n\t\t\t\t\t\t<div class=\"elementor-element elementor-element-2202b02e elementor-widget elementor-widget-gva-image-content\" data-id=\"2202b02e\" data-element_type=\"widget\" data-widget_type=\"gva-image-content.default\">\n\t\t\t\t<div class=\"elementor-widget-container\">\n\t\t\t\t\t<div class=\"gva-element-gva-image-content gva-element\">\t\t\r\n\t  \r\n\t \r\n\r\n\t \r\n\r\n\t \r\n\r\n\t\t\t<div class=\"about-four__single\">\r\n\t\t\t<div class=\"about-four__wrap\">\r\n\t\t\t  \t<div class=\"about-four__left\"><div class=\"about-four__image-second\"><div class=\"content-inner\">\t\t  <a href=\"https:\/\/gaviaspreview.com\/wp\/qizon\/about\/\">\r\n\t\t\t <img decoding=\"async\" src=\"https:\/\/gaviaspreview.com\/wp\/qizon\/wp-content\/uploads\/2022\/12\/image-07.jpg\" alt=\"\" \/>\t\t  <\/a>\r\n\t\t  <\/div><\/div><\/div><div class=\"about-four__right\"><div class=\"about-four__image\"><div class=\"content-inner\">\t\t  <a href=\"https:\/\/gaviaspreview.com\/wp\/qizon\/about\/\">\r\n\t\t\t <img decoding=\"async\" src=\"https:\/\/gaviaspreview.com\/wp\/qizon\/wp-content\/uploads\/2022\/12\/image-06.jpg\" alt=\"\" \/>\t\t  <\/a>\r\n\t\t  <\/div><\/div><\/div>\t\t\t<\/div>\t\r\n\t\t<\/div>\r\n\t \r\n  \r\n \r\n\r\n  \r\n \r\n\r\n <\/div>\t\t\t\t<\/div>\n\t\t\t\t<\/div>\n\t\t\t\t<div class=\"elementor-element elementor-element-70d43e8d elementor-widget elementor-widget-text-editor\" data-id=\"70d43e8d\" data-element_type=\"widget\" data-widget_type=\"text-editor.default\">\n\t\t\t\t<div class=\"elementor-widget-container\">\n\t\t\t\t\t\t\t\t\t<div class=\"main-content\"><div class=\"sfContentBlock\"><p><strong>Kimler Ba\u015fvurabilir?<\/strong><\/p><p>Bilgi Ortakl\u0131klar\u0131\u2019na, Program \u00dcyesi veya Ortak \u00dclkelerdeki resmi ya da \u00f6zel kurumlar ba\u015fvurabilir. Bu kurumlar aras\u0131nda y\u00fcksek\u00f6\u011fretim kurumlar\u0131, KOB\u0130\u2019ler, b\u00fcy\u00fck \u015firketler, ara\u015ft\u0131rma enstit\u00fcleri, kamu kurumlar\u0131 ve e\u011fitim veya gen\u00e7lik alan\u0131nda aktif kurulu\u015flar yer al\u0131r. Projede, 3 farkl\u0131 Program \u00dcyesi \u00fclkeden en az 6 kurulu\u015f bulunmal\u0131; bunlardan en az 2\u2019si y\u00fcksek\u00f6\u011fretim kurumu ve 2\u2019si i\u015fletme olmal\u0131d\u0131r.<\/p><p>Proje S\u00fcresi<br \/>Projeler; 2 ila 3 y\u0131l s\u00fcrebilir.<\/p><p>Ba\u015fvurular\u0131n Yap\u0131laca\u011f\u0131 Yer<br \/>Bilgi Ortakl\u0131klar\u0131 ba\u015fvurular\u0131, do\u011frudan Br\u00fcksel\u2019deki **E\u011fitim, \u0130\u015fitsel ve G\u00f6rsel K\u00fclt\u00fcr Y\u00fcr\u00fctme Ajans\u0131\u2019na** sunulacakt\u0131r:<br \/>[http:\/\/eacea.ec.europa.eu](http:\/\/eacea.ec.europa.eu)<span style=\"color: #848493;\">\u00a0<\/span><\/p><h3 style=\"font-family: 'Lexend Deca', sans-serif;\">Bu sayfadaki bilgiler T\u00fcrkiye Ulusal Ajans\u0131 Resmi Web Sitesinden al\u0131nm\u0131\u015ft\u0131r. Daha ayr\u0131nt\u0131l\u0131 bilgi i\u00e7in<a href=\"http:\/\/www.ua.gov.tr\/programlar\/erasmus-program%C4%B1\/merkezi-faaliyetler\/bilgi-ortakl%C4%B1klar%C4%B1\" target=\"_blank\" rel=\"noopener\">\u00a0adresini\u00a0<\/a>ziyaret edebilirsiniz.<\/h3><\/div><\/div>\t\t\t\t\t\t\t\t<\/div>\n\t\t\t\t<\/div>\n\t\t\t\t\t<\/div>\n\t\t<\/div>\n\t\t\t\t<div class=\"elementor-column elementor-col-50 elementor-top-column elementor-element elementor-element-39003cee\" data-id=\"39003cee\" data-element_type=\"column\">\n\t\t\t<div class=\"elementor-widget-wrap elementor-element-populated\">\n\t\t\t\t\t\t<div class=\"elementor-element elementor-element-27f8039d elementor-widget elementor-widget-text-editor\" data-id=\"27f8039d\" data-element_type=\"widget\" data-widget_type=\"text-editor.default\">\n\t\t\t\t<div class=\"elementor-widget-container\">\n\t\t\t\t\t\t\t\t\t<h3>Bilgi Ortakl\u0131klar\u0131 (Knowledge Alliances) Nedir?<\/h3>\t\t\t\t\t\t\t\t<\/div>\n\t\t\t\t<\/div>\n\t\t\t\t<div class=\"elementor-element elementor-element-72ea0178 elementor-widget elementor-widget-text-editor\" data-id=\"72ea0178\" data-element_type=\"widget\" data-widget_type=\"text-editor.default\">\n\t\t\t\t<div class=\"elementor-widget-container\">\n\t\t\t\t\t\t\t\t\t<div class=\"main-content\"><div class=\"sfContentBlock\"><div class=\"main-content\"><div class=\"sfContentBlock\"><p><strong>Bilgi Ortakl\u0131klar\u0131<\/strong>: Erasmus+ Program\u0131 Kurumsal \u0130\u015fbirlikleri kapsam\u0131nda, y\u00fcksek\u00f6\u011fretim ve i\u015f d\u00fcnyas\u0131 aras\u0131nda k\u00f6pr\u00fc kurarak yenilik\u00e7ili\u011fi te\u015fvik eden, uluslararas\u0131 ve sonu\u00e7 odakl\u0131 projelerdir. Ama\u00e7, y\u00fcksek\u00f6\u011fretimden i\u015f d\u00fcnyas\u0131na kadar geni\u015f bir alanda inovasyonu destekleyerek Avrupa&#8217;n\u0131n yenilik\u00e7ilik kapasitesini art\u0131rmakt\u0131r.<\/p><h3>Bilgi Ortakl\u0131klar\u0131\u2019n\u0131n Temel \u00d6zellikleri:<\/h3><ol><li><strong>Y\u00fcksek\u00f6\u011fretimde Yenilik ve \u0130novasyon<\/strong>: Yenilik\u00e7i \u00f6\u011fretim y\u00f6ntemleri ve m\u00fcfredatlar\u0131n geli\u015ftirilmesi.<\/li><li><strong>S\u00fcrd\u00fcr\u00fclebilir \u00dcniversite-\u0130\u015f D\u00fcnyas\u0131 \u0130\u015fbirlikleri<\/strong>: \u0130\u015f d\u00fcnyas\u0131 ile y\u00fcksek\u00f6\u011fretim aras\u0131nda uzun vadeli i\u015fbirli\u011fi.<\/li><li><strong>Kal\u0131c\u0131 Etki<\/strong>: Proje s\u00fcresince ve sonras\u0131nda somut sonu\u00e7lar\u0131n elde edilmesi.<\/li><\/ol><h3>Desteklenen Faaliyetler:<\/h3><p><strong>1. Yenilik ve Geli\u015fim:<\/strong><\/p><ul><li>Y\u00fcksek\u00f6\u011fretim ve i\u015f d\u00fcnyas\u0131nda inovasyonu art\u0131rmak i\u00e7in yeni \u00f6\u011fretim metotlar\u0131 ve programlar\u0131n\u0131n geli\u015ftirilmesi.<\/li><li>\u0130\u015fletmelerde s\u00fcrekli e\u011fitim etkinliklerinin d\u00fczenlenmesi.<\/li><\/ul><p><strong>2. Giri\u015fimcilik Becerilerinin G\u00fc\u00e7lendirilmesi:<\/strong><\/p><ul><li>Giri\u015fimcilik zihniyetini yaymak amac\u0131yla i\u015f d\u00fcnyas\u0131 ile i\u015f birli\u011fi i\u00e7inde disiplinler aras\u0131 e\u011fitimlerin sa\u011flanmas\u0131.<\/li><\/ul><p><strong>3. Bilgi Ak\u0131\u015f\u0131 ve De\u011fi\u015fim:<\/strong><\/p><ul><li>M\u00fcfredat kapsam\u0131nda etkinliklerle \u00e7al\u0131\u015fma alanlar\u0131 olu\u015fturulmas\u0131.<\/li><li>\u00d6\u011frenci, akademisyen ve i\u015fletme \u00e7al\u0131\u015fanlar\u0131n\u0131n de\u011fi\u015fim programlar\u0131na kat\u0131l\u0131m\u0131.<\/li><\/ul><p>Bilgi Ortakl\u0131klar\u0131, y\u00fcksek\u00f6\u011fretim ve i\u015f d\u00fcnyas\u0131n\u0131n yenilik\u00e7i \u00e7\u00f6z\u00fcmlerle bulu\u015fmas\u0131n\u0131 sa\u011flayarak, Avrupa\u2019da s\u00fcrd\u00fcr\u00fclebilir ve kapsaml\u0131 bir bilgi ak\u0131\u015f\u0131 sa\u011flamaktad\u0131r.<\/p><\/div><\/div><\/div><\/div>\t\t\t\t\t\t\t\t<\/div>\n\t\t\t\t<\/div>\n\t\t\t\t\t<\/div>\n\t\t<\/div>\n\t\t\t\t\t<\/div>\n\t\t<\/section>\n\t\t\t\t<\/div>\n\t\t","protected":false},"excerpt":{"rendered":"<p>Kimler Ba\u015fvurabilir? Bilgi Ortakl\u0131klar\u0131\u2019na, Program \u00dcyesi veya Ortak \u00dclkelerdeki resmi ya da \u00f6zel kurumlar ba\u015fvurabilir. Bu kurumlar aras\u0131nda y\u00fcksek\u00f6\u011fretim kurumlar\u0131, KOB\u0130\u2019ler, b\u00fcy\u00fck \u015firketler, ara\u015ft\u0131rma enstit\u00fcleri, kamu kurumlar\u0131 ve e\u011fitim veya [&hellip;]<\/p>\n","protected":false},"author":1,"featured_media":0,"parent":0,"menu_order":0,"comment_status":"closed","ping_status":"closed","template":"","meta":{"footnotes":""},"class_list":["post-579","page","type-page","status-publish","hentry"],"wpcf_dashboard":"<div class=\"woocommerce\"><div class=\"woocommerce-info\">Please log in first? <a class=\"wpneoShowLogin\" href=\"#\">Click here to login<\/a><\/div><div class=\"wpneo_login_form_div\" style=\"display: none;\"><form name=\"loginform\" id=\"loginform\" action=\"https:\/\/projepartneri.com\/wp-login.php\" method=\"post\"><p class=\"login-username\">\n\t\t\t\t<label for=\"user_login\">Kullan\u0131c\u0131 ad\u0131 ya da e-posta adresi<\/label>\n\t\t\t\t<input type=\"text\" name=\"log\" id=\"user_login\" autocomplete=\"username\" class=\"input\" value=\"\" size=\"20\" \/>\n\t\t\t<\/p><p class=\"login-password\">\n\t\t\t\t<label for=\"user_pass\">Parola<\/label>\n\t\t\t\t<input type=\"password\" name=\"pwd\" id=\"user_pass\" autocomplete=\"current-password\" spellcheck=\"false\" class=\"input\" value=\"\" size=\"20\" \/>\n\t\t\t<\/p><p class=\"login-remember\"><label><input name=\"rememberme\" type=\"checkbox\" id=\"rememberme\" value=\"forever\" \/> Beni hat\u0131rla<\/label><\/p><p class=\"login-submit\">\n\t\t\t\t<input type=\"submit\" name=\"wp-submit\" id=\"wp-submit\" class=\"button button-primary\" value=\"Oturum a\u00e7\" \/>\n\t\t\t\t<input type=\"hidden\" name=\"redirect_to\" value=\"https:\/\/projepartneri.com\/index.php?rest_route=%2Fwp%2Fv2%2Fpages%2F579\" \/>\n\t\t\t<\/p><\/form><\/div><\/div>","_links":{"self":[{"href":"https:\/\/projepartneri.com\/index.php?rest_route=\/wp\/v2\/pages\/579","targetHints":{"allow":["GET"]}}],"collection":[{"href":"https:\/\/projepartneri.com\/index.php?rest_route=\/wp\/v2\/pages"}],"about":[{"href":"https:\/\/projepartneri.com\/index.php?rest_route=\/wp\/v2\/types\/page"}],"author":[{"embeddable":true,"href":"https:\/\/projepartneri.com\/index.php?rest_route=\/wp\/v2\/users\/1"}],"replies":[{"embeddable":true,"href":"https:\/\/projepartneri.com\/index.php?rest_route=%2Fwp%2Fv2%2Fcomments&post=579"}],"version-history":[{"count":10,"href":"https:\/\/projepartneri.com\/index.php?rest_route=\/wp\/v2\/pages\/579\/revisions"}],"predecessor-version":[{"id":799,"href":"https:\/\/projepartneri.com\/index.php?rest_route=\/wp\/v2\/pages\/579\/revisions\/799"}],"wp:attachment":[{"href":"https:\/\/projepartneri.com\/index.php?rest_route=%2Fwp%2Fv2%2Fmedia&parent=579"}],"curies":[{"name":"wp","href":"https:\/\/api.w.org\/{rel}","templated":true}]}}