{"id":586,"date":"2024-10-08T21:36:06","date_gmt":"2024-10-08T21:36:06","guid":{"rendered":"https:\/\/projepartneri.com\/?page_id=586"},"modified":"2024-10-25T07:58:33","modified_gmt":"2024-10-25T07:58:33","slug":"sektorel-beceri-ortakliklari","status":"publish","type":"page","link":"https:\/\/projepartneri.com\/?page_id=586","title":{"rendered":"Sekt\u00f6rel Beceri Ortakl\u0131klar\u0131"},"content":{"rendered":"\t\t<div data-elementor-type=\"wp-page\" data-elementor-id=\"586\" class=\"elementor elementor-586\">\n\t\t\t\t\t\t<section class=\"elementor-section elementor-top-section elementor-element elementor-element-5f5a783c elementor-section-boxed elementor-section-height-default elementor-section-height-default\" data-id=\"5f5a783c\" data-element_type=\"section\">\n\t\t\t\t\t\t<div class=\"elementor-container elementor-column-gap-default\">\n\t\t\t\t\t<div class=\"elementor-column elementor-col-50 elementor-top-column elementor-element elementor-element-9a443f3\" data-id=\"9a443f3\" data-element_type=\"column\">\n\t\t\t<div class=\"elementor-widget-wrap elementor-element-populated\">\n\t\t\t\t\t\t<div class=\"elementor-element elementor-element-4f562d86 elementor-widget elementor-widget-gva-image-content\" data-id=\"4f562d86\" data-element_type=\"widget\" data-widget_type=\"gva-image-content.default\">\n\t\t\t\t<div class=\"elementor-widget-container\">\n\t\t\t\t\t<div class=\"gva-element-gva-image-content gva-element\">\t\t\r\n\t  \r\n\t \r\n\r\n\t \r\n\r\n\t \r\n\r\n\t\t\t<div class=\"about-four__single\">\r\n\t\t\t<div class=\"about-four__wrap\">\r\n\t\t\t  \t<div class=\"about-four__left\"><div class=\"about-four__image-second\"><div class=\"content-inner\">\t\t  <a href=\"https:\/\/gaviaspreview.com\/wp\/qizon\/about\/\">\r\n\t\t\t <img decoding=\"async\" src=\"https:\/\/gaviaspreview.com\/wp\/qizon\/wp-content\/uploads\/2022\/12\/image-07.jpg\" alt=\"\" \/>\t\t  <\/a>\r\n\t\t  <\/div><\/div><\/div><div class=\"about-four__right\"><div class=\"about-four__image\"><div class=\"content-inner\">\t\t  <a href=\"https:\/\/gaviaspreview.com\/wp\/qizon\/about\/\">\r\n\t\t\t <img decoding=\"async\" src=\"https:\/\/gaviaspreview.com\/wp\/qizon\/wp-content\/uploads\/2022\/12\/image-06.jpg\" alt=\"\" \/>\t\t  <\/a>\r\n\t\t  <\/div><\/div><\/div>\t\t\t<\/div>\t\r\n\t\t<\/div>\r\n\t \r\n  \r\n \r\n\r\n  \r\n \r\n\r\n <\/div>\t\t\t\t<\/div>\n\t\t\t\t<\/div>\n\t\t\t\t<div class=\"elementor-element elementor-element-137b11ad elementor-widget elementor-widget-text-editor\" data-id=\"137b11ad\" data-element_type=\"widget\" data-widget_type=\"text-editor.default\">\n\t\t\t\t<div class=\"elementor-widget-container\">\n\t\t\t\t\t\t\t\t\t<div class=\"main-content\">\n<div class=\"sfContentBlock\">\n<h3 style=\"box-sizing: border-box; margin-top: 15px; margin-bottom: 20px; font-family: var(--qizon-heading-font-family); font-weight: 600; line-height: 1.22; color: var(--e-global-color-accent); font-size: 1.5rem; letter-spacing: -0.02em;\">Kimler Ba\u015fvuru Yapabilir?<\/h3><h3><div class=\"main-content\" style=\"box-sizing: border-box; color: rgb(132, 132, 147); font-family: &quot;Lexend Deca&quot;, sans-serif; font-size: 16px; font-style: normal; font-variant-ligatures: normal; font-variant-caps: normal; font-weight: 300; letter-spacing: normal; orphans: 2; text-align: start; text-indent: 0px; text-transform: none; widows: 2; word-spacing: 0px; -webkit-text-stroke-width: 0px; white-space: normal; background-color: rgb(255, 255, 255); text-decoration-thickness: initial; text-decoration-style: initial; text-decoration-color: initial;\"><div class=\"sfContentBlock\" style=\"box-sizing: border-box;\"><p style=\"box-sizing: border-box; margin-top: 0px; margin-bottom: 1rem;\">Sekt\u00f6rel Beceri Ortakl\u0131klar\u0131, ikisi AB \u00fcyesi \u00fclke olmak \u00fczere, en az \u00fc\u00e7 Program \u00dclkesinde kurulan en az dokuz kat\u0131l\u0131mc\u0131 kurulu\u015fu i\u00e7ermek zorundad\u0131r. Bir kurulu\u015f, yaln\u0131zca bir Sekt\u00f6rel Beceri Birli\u011finde yer alabilmektedir. Ayr\u0131ca, Sekt\u00f6rel Beceri Ortakl\u0131klar\u0131nin her \u00fclkede a\u015fa\u011f\u0131daki \u00fc\u00e7 kategoriden en az bir kurulu\u015fu i\u00e7ermesi gerekmektedir:<\/p><p style=\"box-sizing: border-box; margin-top: 0px; margin-bottom: 1rem;\">Mesleki e\u011fitim sa\u011flayan kamu veya \u00f6zel kurulu\u015flar<br style=\"box-sizing: border-box;\">Sekt\u00f6re \u00f6zel uzmanl\u0131\u011fa sahip ve belirli bir sekt\u00f6r i\u00e7in\/ sekt\u00f6rde temsilci olan kamu veya \u00f6zel te\u015fekk\u00fcller (Avrupa, ulusal veya b\u00f6lgesel d\u00fczeyde)<br style=\"box-sizing: border-box;\">E\u011fitim ve \u00f6\u011fretim sistemlerinden sorumlu kamu veya \u00f6zel kurulu\u015flar (ulusal, b\u00f6lgesel ve yerel d\u00fczeyde)<\/p><\/div><\/div><\/h3><h3 style=\"box-sizing: border-box; margin-top: 15px; margin-bottom: 20px; font-family: var(--qizon-heading-font-family); font-weight: 600; line-height: 1.22; color: var(--e-global-color-accent); font-size: 1.5rem; letter-spacing: -0.02em;\">Proje S\u00fcresi Ne Kadard\u0131r?<\/h3><h3><div class=\"main-content\" style=\"box-sizing: border-box; color: rgb(132, 132, 147); font-family: &quot;Lexend Deca&quot;, sans-serif; font-size: 16px; font-style: normal; font-variant-ligatures: normal; font-variant-caps: normal; font-weight: 300; letter-spacing: normal; orphans: 2; text-align: start; text-indent: 0px; text-transform: none; widows: 2; word-spacing: 0px; -webkit-text-stroke-width: 0px; white-space: normal; background-color: rgb(255, 255, 255); text-decoration-thickness: initial; text-decoration-style: initial; text-decoration-color: initial;\"><div class=\"sfContentBlock\" style=\"box-sizing: border-box;\"><p style=\"box-sizing: border-box; margin-top: 0px; margin-bottom: 1rem;\">Projelerin s\u00fcresi 2-3 y\u0131l aras\u0131nda de\u011fi\u015febilir.<\/p><\/div><\/div><\/h3><h3 style=\"box-sizing: border-box; margin-top: 15px; margin-bottom: 20px; font-family: var(--qizon-heading-font-family); font-weight: 600; line-height: 1.22; color: var(--e-global-color-accent); font-size: 1.5rem; letter-spacing: -0.02em;\">Hibe Deste\u011fi Ne Kadard\u0131r?<\/h3><h3><div class=\"main-content\" style=\"box-sizing: border-box; color: rgb(132, 132, 147); font-family: &quot;Lexend Deca&quot;, sans-serif; font-size: 16px; font-style: normal; font-variant-ligatures: normal; font-variant-caps: normal; font-weight: 300; letter-spacing: normal; orphans: 2; text-align: start; text-indent: 0px; text-transform: none; widows: 2; word-spacing: 0px; -webkit-text-stroke-width: 0px; white-space: normal; background-color: rgb(255, 255, 255); text-decoration-thickness: initial; text-decoration-style: initial; text-decoration-color: initial;\"><div class=\"sfContentBlock\" style=\"box-sizing: border-box;\"><p style=\"box-sizing: border-box; margin-top: 0px; margin-bottom: 1rem;\">2 y\u0131ll\u0131k projeler i\u00e7in 700.000 Avro, 3 y\u0131ll\u0131k projeler i\u00e7in 1.000.000 Avrodur.<br style=\"box-sizing: border-box;\">Ba\u015fvuran kurulu\u015flar taraf\u0131ndan % 25 e\u015f finansman sa\u011flanmas\u0131 gerekmektedir.<\/p><\/div><\/div><\/h3><h3 style=\"box-sizing: border-box; margin-top: 15px; margin-bottom: 20px; font-family: var(--qizon-heading-font-family); font-weight: 600; line-height: 1.22; color: var(--e-global-color-accent); font-size: 1.5rem; letter-spacing: -0.02em;\">Ba\u015fvurular Ne Zaman Yap\u0131lmal\u0131d\u0131r?<\/h3><h3><div class=\"main-content\" style=\"box-sizing: border-box; color: rgb(132, 132, 147); font-family: &quot;Lexend Deca&quot;, sans-serif; font-size: 16px; font-style: normal; font-variant-ligatures: normal; font-variant-caps: normal; font-weight: 300; letter-spacing: normal; orphans: 2; text-align: start; text-indent: 0px; text-transform: none; widows: 2; word-spacing: 0px; -webkit-text-stroke-width: 0px; white-space: normal; background-color: rgb(255, 255, 255); text-decoration-thickness: initial; text-decoration-style: initial; text-decoration-color: initial;\"><div class=\"sfContentBlock\" style=\"box-sizing: border-box;\"><p style=\"box-sizing: border-box; margin-top: 0px; margin-bottom: 1rem;\">Ba\u015fvuru sahipleri projelerini en ge\u00e7&nbsp;<strong style=\"box-sizing: border-box; font-weight: bolder;\">3 Nisan 2014<\/strong>&nbsp;tarihinde Br\u00fcksel saati ile 12:00\u2019ye (T\u00fcrkiye saati ile 13:00) kadar sisteme y\u00fcklemek zorundad\u0131r.<\/p><\/div><\/div><\/h3><h3 style=\"box-sizing: border-box; margin-top: 15px; margin-bottom: 20px; font-family: var(--qizon-heading-font-family); font-weight: 600; line-height: 1.22; color: var(--e-global-color-accent); font-size: 1.5rem; letter-spacing: -0.02em;\">Ba\u015fvurular Nereye Yap\u0131lmal\u0131d\u0131r?<\/h3><h3><div class=\"main-content\" style=\"color: rgb(132, 132, 147); font-size: 16px; font-weight: 300; letter-spacing: normal;\"><div class=\"sfContentBlock\"><p>Bilgi Ortakl\u0131klar\u0131, Komisyon Merkezli projeler oldu\u011fundan do\u011frudan Br\u00fcksel\u2019deki E\u011fitim, \u0130\u015fitsel ve G\u00f6rsel ve K\u00fclt\u00fcr Y\u00fcr\u00fctme Ajans\u0131\u2019na (Education, Audio-Visual and Culture Executive Agency) sunulacakt\u0131r:<\/p><p><a class=\"link\" href=\"https:\/\/eacea.ec.europa.eu\/erasmus-plus\/funding\/knowledge-alliances-sector-skills-alliances-eacs1113_en\">http:\/\/eacea.ec.europa.eu<\/a><\/p><p><a class=\"link\" href=\"http:\/\/ec.europa.eu\/programmes\/erasmus-plus\/documents\/erasmus-plus-programme-guide_en.pdf\" target=\"_blank\" rel=\"noopener\">Program Rehberi (pdf)<\/a><\/p><\/div><\/div><p style=\"color: rgb(132, 132, 147); font-size: 16px; font-weight: 300; letter-spacing: normal;\">Bu sayfadaki bilgiler T\u00fcrkiye Ulusal Ajans\u0131 Resmi Web Sitesinden al\u0131nm\u0131\u015ft\u0131r. Daha ayr\u0131nt\u0131l\u0131 bilgi i\u00e7in<a href=\"http:\/\/www.ua.gov.tr\/programlar\/erasmus-program%C4%B1\/merkezi-faaliyetler\/sekt%C3%B6rel-beceri-ortakl%C4%B1klar%C4%B1\" target=\"_blank\" rel=\"noopener\">&nbsp;adresini&nbsp;<\/a>ziyaret edebilirsiniz.<\/p><\/h3><\/div><\/div>\t\t\t\t\t\t\t\t<\/div>\n\t\t\t\t<\/div>\n\t\t\t\t\t<\/div>\n\t\t<\/div>\n\t\t\t\t<div class=\"elementor-column elementor-col-50 elementor-top-column elementor-element elementor-element-5ecb1089\" data-id=\"5ecb1089\" data-element_type=\"column\">\n\t\t\t<div class=\"elementor-widget-wrap elementor-element-populated\">\n\t\t\t\t\t\t<div class=\"elementor-element elementor-element-50b4f5a8 elementor-widget elementor-widget-text-editor\" data-id=\"50b4f5a8\" data-element_type=\"widget\" data-widget_type=\"text-editor.default\">\n\t\t\t\t<div class=\"elementor-widget-container\">\n\t\t\t\t\t\t\t\t\t<h3>Sekt\u00f6rel Beceri Ortakl\u0131klar\u0131 (Sector Skills Alliances) Nedir?<\/h3>\t\t\t\t\t\t\t\t<\/div>\n\t\t\t\t<\/div>\n\t\t\t\t<div class=\"elementor-element elementor-element-9bae99f elementor-widget elementor-widget-text-editor\" data-id=\"9bae99f\" data-element_type=\"widget\" data-widget_type=\"text-editor.default\">\n\t\t\t\t<div class=\"elementor-widget-container\">\n\t\t\t\t\t\t\t\t\t<div class=\"main-content\"><div class=\"sfContentBlock\"><div class=\"main-content\"><div class=\"sfContentBlock\"><p>Sekt\u00f6rel Beceri Ortakl\u0131klar\u0131, belirli ekonomik sekt\u00f6rlerde i\u015fg\u00fcc\u00fc piyasas\u0131n\u0131n ihtiya\u00e7 duydu\u011fu becerileri kar\u015f\u0131lamak ve mesleki e\u011fitim sistemlerinin bu yeni taleplere yan\u0131t verme kapasitesini art\u0131rmay\u0131 hedefleyen uluslararas\u0131 projelerdir.<\/p><h3>Uygun Sekt\u00f6rler:<\/h3><ol><li><strong>Tekstil, Giyim, Deri ve Ticaret<\/strong>: Avrupa Sekt\u00f6rel Beceriler Konseyleri&#8217;nin olu\u015fturdu\u011fu sekt\u00f6rler.<\/li><li><strong>\u0130leri \u0130malat ve Bilgi Teknolojileri<\/strong>: Bu alanlarda mevcut beceri uyu\u015fmazl\u0131klar\u0131 i\u00e7in Avrupa Komisyonu&#8217;nun m\u00fcdahalede bulundu\u011fu sekt\u00f6rler.<\/li><li><strong>Eko-\u0130novasyon<\/strong>: \u00c7evre teknolojileri \u00fczerine odaklanan sekt\u00f6rler.<\/li><li><strong>K\u00fclt\u00fcrel ve Yarat\u0131c\u0131 End\u00fcstriler<\/strong>: Sanat ve medya gibi yarat\u0131c\u0131 alanlar.<\/li><\/ol><h3>Temel Ama\u00e7lar:<\/h3><ul><li>Mesleki e\u011fitimi i\u015fg\u00fcc\u00fc piyasas\u0131n\u0131n ihtiya\u00e7lar\u0131na daha yak\u0131n hale getirerek beceri taleplerine daha iyi yan\u0131t vermek.<\/li><li>Ekonomik sekt\u00f6rlerin rekabet\u00e7ili\u011fini art\u0131rmak.<\/li><li>Mesleki e\u011fitim programlar\u0131n\u0131n kalitesini y\u00fckseltmek.<\/li><li>\u0130lgili sekt\u00f6rde sistematik bir etki yaratmak.<\/li><li>Yenilik\u00e7i e\u011fitim metotlar\u0131 geli\u015ftirmek.<\/li><li>\u00d6\u011frenme \u00e7\u0131kt\u0131lar\u0131 yakla\u015f\u0131m\u0131n\u0131 ve kalite g\u00fcvencesini (ECVET, EQF, EQAVET) uygulamak.<\/li><\/ul><h3>Desteklenen Faaliyetler:<\/h3><p>Sekt\u00f6rel Beceri Ortakl\u0131klar\u0131, mevcut ve gelecekteki i\u015fg\u00fcc\u00fc piyasas\u0131 ihtiya\u00e7lar\u0131na uygun, kapsaml\u0131 faaliyetleri desteklemektedir. Bu faaliyetler aras\u0131nda \u015funlar yer almaktad\u0131r:<\/p><ul><li>Belli bir ekonomik sekt\u00f6rdeki beceri ihtiya\u00e7lar\u0131n\u0131 ve bunlara uygun mesleki e\u011fitim ihtiya\u00e7lar\u0131n\u0131 belirlemek.<\/li><li>Ortak bir mesleki e\u011fitim m\u00fcfredat\u0131 olu\u015fturmak ve\/veya uygulamak.<\/li><li>Yeni m\u00fcfredat\u0131 yayg\u0131nla\u015ft\u0131rmak.<\/li><\/ul><p>Bu \u00e7er\u00e7evede, Sekt\u00f6rel Beceri Ortakl\u0131klar\u0131, y\u00fcksek\u00f6\u011fretim ve i\u015f d\u00fcnyas\u0131 aras\u0131ndaki i\u015fbirli\u011fini g\u00fc\u00e7lendirerek, Avrupa\u2019n\u0131n i\u015fg\u00fcc\u00fc piyasas\u0131n\u0131n taleplerine daha iyi yan\u0131t vermeyi ama\u00e7lamaktad\u0131r.<\/p><p>Daha fazla bilgi i\u00e7in <a href=\"https:\/\/ec.europa.eu\/programmes\/erasmus-plus\/\" target=\"_new\" rel=\"noopener\">Erasmus+ resmi web sitesini<\/a> ziyaret edebilirsiniz.<\/p><\/div><\/div><\/div><\/div>\t\t\t\t\t\t\t\t<\/div>\n\t\t\t\t<\/div>\n\t\t\t\t\t<\/div>\n\t\t<\/div>\n\t\t\t\t\t<\/div>\n\t\t<\/section>\n\t\t\t\t<\/div>\n\t\t","protected":false},"excerpt":{"rendered":"<p>Kimler Ba\u015fvuru Yapabilir? Sekt\u00f6rel Beceri Ortakl\u0131klar\u0131, ikisi AB \u00fcyesi \u00fclke olmak \u00fczere, en az \u00fc\u00e7 Program \u00dclkesinde kurulan en az dokuz kat\u0131l\u0131mc\u0131 kurulu\u015fu i\u00e7ermek zorundad\u0131r. Bir kurulu\u015f, yaln\u0131zca bir Sekt\u00f6rel [&hellip;]<\/p>\n","protected":false},"author":1,"featured_media":0,"parent":0,"menu_order":0,"comment_status":"closed","ping_status":"closed","template":"","meta":{"footnotes":""},"class_list":["post-586","page","type-page","status-publish","hentry"],"wpcf_dashboard":"<div class=\"woocommerce\"><div class=\"woocommerce-info\">Please log in first? <a class=\"wpneoShowLogin\" href=\"#\">Click here to login<\/a><\/div><div class=\"wpneo_login_form_div\" style=\"display: none;\"><form name=\"loginform\" id=\"loginform\" action=\"https:\/\/projepartneri.com\/wp-login.php\" method=\"post\"><p class=\"login-username\">\n\t\t\t\t<label for=\"user_login\">Kullan\u0131c\u0131 ad\u0131 ya da e-posta adresi<\/label>\n\t\t\t\t<input type=\"text\" name=\"log\" id=\"user_login\" autocomplete=\"username\" class=\"input\" value=\"\" size=\"20\" \/>\n\t\t\t<\/p><p class=\"login-password\">\n\t\t\t\t<label for=\"user_pass\">Parola<\/label>\n\t\t\t\t<input type=\"password\" name=\"pwd\" id=\"user_pass\" autocomplete=\"current-password\" spellcheck=\"false\" class=\"input\" value=\"\" size=\"20\" \/>\n\t\t\t<\/p><p class=\"login-remember\"><label><input name=\"rememberme\" type=\"checkbox\" id=\"rememberme\" value=\"forever\" \/> Beni hat\u0131rla<\/label><\/p><p class=\"login-submit\">\n\t\t\t\t<input type=\"submit\" name=\"wp-submit\" id=\"wp-submit\" class=\"button button-primary\" value=\"Oturum a\u00e7\" \/>\n\t\t\t\t<input type=\"hidden\" name=\"redirect_to\" value=\"https:\/\/projepartneri.com\/index.php?rest_route=%2Fwp%2Fv2%2Fpages%2F586\" \/>\n\t\t\t<\/p><\/form><\/div><\/div>","_links":{"self":[{"href":"https:\/\/projepartneri.com\/index.php?rest_route=\/wp\/v2\/pages\/586","targetHints":{"allow":["GET"]}}],"collection":[{"href":"https:\/\/projepartneri.com\/index.php?rest_route=\/wp\/v2\/pages"}],"about":[{"href":"https:\/\/projepartneri.com\/index.php?rest_route=\/wp\/v2\/types\/page"}],"author":[{"embeddable":true,"href":"https:\/\/projepartneri.com\/index.php?rest_route=\/wp\/v2\/users\/1"}],"replies":[{"embeddable":true,"href":"https:\/\/projepartneri.com\/index.php?rest_route=%2Fwp%2Fv2%2Fcomments&post=586"}],"version-history":[{"count":7,"href":"https:\/\/projepartneri.com\/index.php?rest_route=\/wp\/v2\/pages\/586\/revisions"}],"predecessor-version":[{"id":802,"href":"https:\/\/projepartneri.com\/index.php?rest_route=\/wp\/v2\/pages\/586\/revisions\/802"}],"wp:attachment":[{"href":"https:\/\/projepartneri.com\/index.php?rest_route=%2Fwp%2Fv2%2Fmedia&parent=586"}],"curies":[{"name":"wp","href":"https:\/\/api.w.org\/{rel}","templated":true}]}}