{"id":593,"date":"2024-10-08T21:38:38","date_gmt":"2024-10-08T21:38:38","guid":{"rendered":"https:\/\/projepartneri.com\/?page_id=593"},"modified":"2024-10-25T07:59:42","modified_gmt":"2024-10-25T07:59:42","slug":"spor-destekleri","status":"publish","type":"page","link":"https:\/\/projepartneri.com\/?page_id=593","title":{"rendered":"Spor Destekleri"},"content":{"rendered":"\t\t<div data-elementor-type=\"wp-page\" data-elementor-id=\"593\" class=\"elementor elementor-593\">\n\t\t\t\t\t\t<section class=\"elementor-section elementor-top-section elementor-element elementor-element-1e3cf8e1 elementor-section-boxed elementor-section-height-default elementor-section-height-default\" data-id=\"1e3cf8e1\" data-element_type=\"section\">\n\t\t\t\t\t\t<div class=\"elementor-container elementor-column-gap-default\">\n\t\t\t\t\t<div class=\"elementor-column elementor-col-50 elementor-top-column elementor-element elementor-element-550ce6ed\" data-id=\"550ce6ed\" data-element_type=\"column\">\n\t\t\t<div class=\"elementor-widget-wrap elementor-element-populated\">\n\t\t\t\t\t\t<div class=\"elementor-element elementor-element-49c5c89f elementor-widget elementor-widget-gva-image-content\" data-id=\"49c5c89f\" data-element_type=\"widget\" data-widget_type=\"gva-image-content.default\">\n\t\t\t\t<div class=\"elementor-widget-container\">\n\t\t\t\t\t<div class=\"gva-element-gva-image-content gva-element\">\t\t\r\n\t  \r\n\t \r\n\r\n\t \r\n\r\n\t \r\n\r\n\t\t\t<div class=\"about-four__single\">\r\n\t\t\t<div class=\"about-four__wrap\">\r\n\t\t\t  \t<div class=\"about-four__left\"><div class=\"about-four__image-second\"><div class=\"content-inner\">\t\t  <a href=\"https:\/\/gaviaspreview.com\/wp\/qizon\/about\/\">\r\n\t\t\t <img decoding=\"async\" src=\"https:\/\/gaviaspreview.com\/wp\/qizon\/wp-content\/uploads\/2022\/12\/image-07.jpg\" alt=\"\" \/>\t\t  <\/a>\r\n\t\t  <\/div><\/div><\/div><div class=\"about-four__right\"><div class=\"about-four__image\"><div class=\"content-inner\">\t\t  <a href=\"https:\/\/gaviaspreview.com\/wp\/qizon\/about\/\">\r\n\t\t\t <img decoding=\"async\" src=\"https:\/\/gaviaspreview.com\/wp\/qizon\/wp-content\/uploads\/2022\/12\/image-06.jpg\" alt=\"\" \/>\t\t  <\/a>\r\n\t\t  <\/div><\/div><\/div>\t\t\t<\/div>\t\r\n\t\t<\/div>\r\n\t \r\n  \r\n \r\n\r\n  \r\n \r\n\r\n <\/div>\t\t\t\t<\/div>\n\t\t\t\t<\/div>\n\t\t\t\t<div class=\"elementor-element elementor-element-132c2a57 elementor-widget elementor-widget-text-editor\" data-id=\"132c2a57\" data-element_type=\"widget\" data-widget_type=\"text-editor.default\">\n\t\t\t\t<div class=\"elementor-widget-container\">\n\t\t\t\t\t\t\t\t\t<div class=\"main-content\">\n<div class=\"sfContentBlock\">\n<h3 style=\"box-sizing: border-box; margin-top: 15px; margin-bottom: 20px; font-family: var(--qizon-heading-font-family); font-weight: 600; line-height: 1.22; color: var(--e-global-color-accent); font-size: 1.5rem; letter-spacing: -0.02em;\">Proje S\u00fcresi Ne Kadard\u0131r?<\/h3><h3><div class=\"main-content\" style=\"box-sizing: border-box; color: rgb(132, 132, 147); font-family: &quot;Lexend Deca&quot;, sans-serif; font-size: 16px; font-style: normal; font-variant-ligatures: normal; font-variant-caps: normal; font-weight: 300; letter-spacing: normal; orphans: 2; text-align: start; text-indent: 0px; text-transform: none; widows: 2; word-spacing: 0px; -webkit-text-stroke-width: 0px; white-space: normal; background-color: rgb(255, 255, 255); text-decoration-thickness: initial; text-decoration-style: initial; text-decoration-color: initial;\"><div class=\"sfContentBlock\" style=\"box-sizing: border-box;\"><p style=\"box-sizing: border-box; margin-top: 0px; margin-bottom: 1rem;\">Proje s\u00fcreleri \u0130\u015fbirli\u011fi Ortakl\u0131klar\u0131 i\u00e7in 1 ila 3 y\u0131l aras\u0131ndad\u0131r. Spor Etkinlikleri i\u00e7in proje s\u00fcresi 1 y\u0131la kadard\u0131r.<\/p><\/div><\/div><\/h3><h3 style=\"box-sizing: border-box; margin-top: 15px; margin-bottom: 20px; font-family: var(--qizon-heading-font-family); font-weight: 600; line-height: 1.22; color: var(--e-global-color-accent); font-size: 1.5rem; letter-spacing: -0.02em;\">Hibe Deste\u011fi Ne Kadard\u0131r?<\/h3><h3><div class=\"main-content\" style=\"box-sizing: border-box; color: rgb(132, 132, 147); font-family: &quot;Lexend Deca&quot;, sans-serif; font-size: 16px; font-style: normal; font-variant-ligatures: normal; font-variant-caps: normal; font-weight: 300; letter-spacing: normal; orphans: 2; text-align: start; text-indent: 0px; text-transform: none; widows: 2; word-spacing: 0px; -webkit-text-stroke-width: 0px; white-space: normal; background-color: rgb(255, 255, 255); text-decoration-thickness: initial; text-decoration-style: initial; text-decoration-color: initial;\"><div class=\"sfContentBlock\" style=\"box-sizing: border-box;\"><p style=\"box-sizing: border-box; margin-top: 0px; margin-bottom: 1rem;\">\u2022&nbsp;&nbsp; &nbsp;\u0130\u015fbirli\u011fi Ortakl\u0131klar\u0131 projeleri i\u00e7in sa\u011flanacak en y\u00fcksek destek 500.000 Avro olup, sunulacak bir projeye sa\u011flanacak en y\u00fcksek hibe oran\u0131 bu miktar\u0131n %80\u2019i olacakt\u0131r.<br style=\"box-sizing: border-box;\">\u2022&nbsp;&nbsp; &nbsp;Spor Etkinlikleri projeleri i\u00e7in sa\u011flanacak en y\u00fcksek destek 2.000.000 Avro olup, projeye sa\u011flanacak en y\u00fcksek hibe oran\u0131 bu miktar\u0131n %80\u2019i olacakt\u0131r.<\/p><\/div><\/div><\/h3><h3 style=\"box-sizing: border-box; margin-top: 15px; margin-bottom: 20px; font-family: var(--qizon-heading-font-family); font-weight: 600; line-height: 1.22; color: var(--e-global-color-accent); font-size: 1.5rem; letter-spacing: -0.02em;\">Ba\u015fvurular Ne Zaman Yap\u0131lmal\u0131d\u0131r?<\/h3><h3><div class=\"main-content\" style=\"box-sizing: border-box; color: rgb(132, 132, 147); font-family: &quot;Lexend Deca&quot;, sans-serif; font-size: 16px; font-style: normal; font-variant-ligatures: normal; font-variant-caps: normal; font-weight: 300; letter-spacing: normal; orphans: 2; text-align: start; text-indent: 0px; text-transform: none; widows: 2; word-spacing: 0px; -webkit-text-stroke-width: 0px; white-space: normal; background-color: rgb(255, 255, 255); text-decoration-thickness: initial; text-decoration-style: initial; text-decoration-color: initial;\"><div class=\"sfContentBlock\" style=\"box-sizing: border-box;\"><p style=\"box-sizing: border-box; margin-top: 0px; margin-bottom: 1rem;\">Ba\u015fvuru sahipleri projelerini \u0130\u015fbirli\u011fi Ortakl\u0131klar\u0131 i\u00e7in &nbsp;en ge\u00e7&nbsp;<strong style=\"box-sizing: border-box; font-weight: bolder;\">14 Mart &nbsp;tarihinde&nbsp;<\/strong>Kar Amac\u0131 G\u00fctmeyen Spor Etkinlikleri i\u00e7in en ge\u00e7&nbsp;<strong style=\"box-sizing: border-box; font-weight: bolder;\">15 May\u0131s<\/strong>&nbsp;tarihinde Br\u00fcksel saati ile 12:00\u2019ye (T\u00fcrkiye saati ile 13:00) kadar sisteme y\u00fcklemek zorundad\u0131r.<\/p><\/div><\/div><\/h3><h3 style=\"box-sizing: border-box; margin-top: 15px; margin-bottom: 20px; font-family: var(--qizon-heading-font-family); font-weight: 600; line-height: 1.22; color: var(--e-global-color-accent); font-size: 1.5rem; letter-spacing: -0.02em;\">Ba\u015fvurular Nereye Yap\u0131lmal\u0131d\u0131r?<\/h3><h3><div class=\"main-content\" style=\"box-sizing: border-box; color: rgb(132, 132, 147); font-family: &quot;Lexend Deca&quot;, sans-serif; font-size: 16px; font-style: normal; font-variant-ligatures: normal; font-variant-caps: normal; font-weight: 300; letter-spacing: normal; orphans: 2; text-align: start; text-indent: 0px; text-transform: none; widows: 2; word-spacing: 0px; -webkit-text-stroke-width: 0px; white-space: normal; background-color: rgb(255, 255, 255); text-decoration-thickness: initial; text-decoration-style: initial; text-decoration-color: initial;\"><div class=\"sfContentBlock\" style=\"box-sizing: border-box;\"><p style=\"box-sizing: border-box; margin-top: 0px; margin-bottom: 1rem;\">Erasmus+ Spor destekleri Komisyon merkezli projeler oldu\u011fundan do\u011frudan Br\u00fcksel\u2019deki E\u011fitim, \u0130\u015fitsel ve G\u00f6rsel ve K\u00fclt\u00fcr Y\u00fcr\u00fctme Ajans\u0131\u2019na (Education, Audio-Visual and Culture Executive Agency) sunulacakt\u0131r.<\/p><\/div><\/div><\/h3><h3 style=\"box-sizing: border-box; margin-top: 15px; margin-bottom: 20px; font-family: var(--qizon-heading-font-family); font-weight: 600; line-height: 1.22; color: var(--e-global-color-accent); font-size: 1.5rem; letter-spacing: -0.02em;\">Faydal\u0131 Belgeler<\/h3><h3><div class=\"main-content\" style=\"color: rgb(132, 132, 147); font-size: 16px; font-weight: 300; letter-spacing: normal;\"><div class=\"sfContentBlock\"><p>Erasmus+ Spor destekleri ile ilgili 4 \u015eubat 2014 tarihinde ger\u00e7ekle\u015ftirilen \u201cSport Info Day\u201d kapsam\u0131nda yap\u0131lan sunumlar\u0131, proje \u00f6rneklerini ve proje haz\u0131rlarken kullan\u0131labilecek baz\u0131 kaynak belgeleri a\u015fa\u011f\u0131da bulabilirsiniz.<\/p><p><a class=\"link\" title=\"Sport Policy Context (Spor Politikas\u0131 \u0130\u00e7eri\u011fi)\" href=\"http:\/\/projepartneri.com\/docs\/default-source\/gen%C3%A7lik-program%C4%B1\/sport-policy-context-(spor-politikas%C4%B1-i%C3%A7eri%C4%9Fi).pptx?sfvrsn=0\" target=\"_blank\" rel=\"noopener\">Sport Policy Context (Spor Politikas\u0131 \u0130\u00e7eri\u011fi)<\/a><\/p><p><a class=\"link\" title=\"Procedures (Ba\u015fvuru Prosed\u00fcrleri)\" href=\"http:\/\/projepartneri.com\/docs\/default-source\/gen%C3%A7lik-program%C4%B1\/procedures-(ba%C5%9Fvuru-prosed%C3%BCrleri).pptx?sfvrsn=0\" target=\"_blank\" rel=\"noopener\">Procedures (Ba\u015fvuru Prosed\u00fcrleri)<\/a><\/p><p><a class=\"link\" title=\"Submission Workshop (\u00d6n Kay\u0131t, E-Formlar, B\u00fct\u00e7e)\" href=\"http:\/\/projepartneri.com\/docs\/default-source\/gen%C3%A7lik-program%C4%B1\/submission-workshop-(%C3%B6n-kay%C4%B1t-e-formlar-b%C3%BCt%C3%A7e).pptx?sfvrsn=0\">Submission Workshop (\u00d6n Kay\u0131t, E-Formlar, B\u00fct\u00e7e)<\/a><\/p><p><a class=\"pdf link\" title=\"Preparatory Actions and Special Events 2009\/2011 (Proje \u00d6rnekleri)\" href=\"http:\/\/projepartneri.com\/docs\/default-source\/gen%C3%A7lik-program%C4%B1\/preparatory-actions-and-special-events-2009-2011-(proje-%C3%B6rnekleri).pdf?sfvrsn=0\" target=\"_blank\" rel=\"noopener\">Preparatory Actions and Special Events 2009\/2011 (Proje \u00d6rnekleri)<\/a><\/p><p><a class=\"pdf link\" title=\"EU Physical Activity Guidelines 2008 (AB Beden E\u011fitimi Rehberi)\" href=\"http:\/\/projepartneri.com\/docs\/default-source\/gen%C3%A7lik-program%C4%B1\/eu-physical-activity-guidelines-2008-(ab-beden-e%C4%9Fitimi-rehberi).pdf?sfvrsn=0\" target=\"_blank\" rel=\"noopener\">EU Physical Activity Guidelines 2008 (AB Beden E\u011fitimi Rehberi)<\/a><\/p><p><a class=\"pdf link\" title=\"Dual Career Guidelines (\u00c7ift Kariyer Rehberi)\" href=\"http:\/\/projepartneri.com\/docs\/default-source\/gen%C3%A7lik-program%C4%B1\/dual-career-guidelines-(%C3%A7ift-kariyer-rehberi).pdf?sfvrsn=0\" target=\"_blank\" rel=\"noopener\">Dual Career Guidelines (\u00c7ift Kariyer Rehberi)<\/a><\/p><p><a class=\"pdf link\" title=\"European Dimension in Sport (Sporda Avrupa Boyutu)\" href=\"http:\/\/projepartneri.com\/docs\/default-source\/gen%C3%A7lik-program%C4%B1\/european-dimension-in-sport-(sporda-avrupa-boyutu).pdf?sfvrsn=0\" target=\"_blank\" rel=\"noopener\">European Dimension in Sport (Sporda Avrupa Boyutu)<\/a><\/p><p><a class=\"doc link\" title=\"List of Supporting Sport Documents (Destekleyici Spor Belgeleri Listesi)\" href=\"http:\/\/projepartneri.com\/docs\/default-source\/gen%C3%A7lik-program%C4%B1\/list-of-supporting-sport-documents-(destekleyici-spor-belgeleri-listesi).doc?sfvrsn=0\" target=\"_blank\" rel=\"noopener\">List of Supporting Sport Documents (Destekleyici Spor Belgeleri Listesi)<\/a><\/p><p><a class=\"link\" href=\"http:\/\/ec.europa.eu\/sport\/opportunities\/sport_funding\/index_en.htm\" target=\"_blank\" rel=\"noopener\">http:\/\/ec.europa.eu\/<\/a><\/p><p><a class=\"pdf link\" title=\"Program Rehberi (TR)\" href=\"http:\/\/projepartneri.com\/docs\/default-source\/di%C4%9Fer\/erasmus-program-rehberi.pdf?sfvrsn=0\" target=\"_blank\" rel=\"noopener\">Program Rehberi (TR)<\/a><\/p><p><a class=\"pdf link\" title=\"Program Rehberi (EN)\" href=\"http:\/\/projepartneri.com\/docs\/default-source\/di%C4%9Fer\/erasmus-program-rehberi-(en).pdf?sfvrsn=0\" target=\"_blank\" rel=\"noopener\">Program Rehberi (EN)<\/a><\/p><\/div><\/div><p style=\"color: rgb(132, 132, 147); font-size: 16px; font-weight: 300; letter-spacing: normal;\">Bu sayfadaki bilgiler T\u00fcrkiye Ulusal Ajans\u0131 Resmi Web Sitesinden al\u0131nm\u0131\u015ft\u0131r. Daha ayr\u0131nt\u0131l\u0131 bilgi i\u00e7in&nbsp;<a href=\"http:\/\/www.ua.gov.tr\/programlar\/erasmus-program%C4%B1\/merkezi-faaliyetler\/spor\" target=\"_blank\" rel=\"noopener\">adresini&nbsp;<\/a>ziyaret edebilirsiniz.<\/p><\/h3><\/div><\/div>\t\t\t\t\t\t\t\t<\/div>\n\t\t\t\t<\/div>\n\t\t\t\t\t<\/div>\n\t\t<\/div>\n\t\t\t\t<div class=\"elementor-column elementor-col-50 elementor-top-column elementor-element elementor-element-75f35c69\" data-id=\"75f35c69\" data-element_type=\"column\">\n\t\t\t<div class=\"elementor-widget-wrap elementor-element-populated\">\n\t\t\t\t\t\t<div class=\"elementor-element elementor-element-6ecb9cc3 elementor-widget elementor-widget-text-editor\" data-id=\"6ecb9cc3\" data-element_type=\"widget\" data-widget_type=\"text-editor.default\">\n\t\t\t\t<div class=\"elementor-widget-container\">\n\t\t\t\t\t\t\t\t\t<h3>Erasmus+ Spor Destekleri Nedir?<\/h3>\t\t\t\t\t\t\t\t<\/div>\n\t\t\t\t<\/div>\n\t\t\t\t<div class=\"elementor-element elementor-element-37f19e0b elementor-widget elementor-widget-text-editor\" data-id=\"37f19e0b\" data-element_type=\"widget\" data-widget_type=\"text-editor.default\">\n\t\t\t\t<div class=\"elementor-widget-container\">\n\t\t\t\t\t\t\t\t\t<div class=\"main-content\"><div class=\"sfContentBlock\"><p><strong>Erasmus+ Spor Destekleri<\/strong>, Erasmus+ Program\u0131 \u00e7er\u00e7evesinde Avrupa spor boyutunun sistematik olarak geli\u015ftirilmesine katk\u0131 sa\u011flamak amac\u0131yla y\u00fcr\u00fct\u00fclen projelerdir. Bu destekler, sporun sosyal, k\u00fclt\u00fcrel ve ekonomik etkilerini art\u0131rmay\u0131 hedeflemektedir.<\/p><h3>Hedefler:<\/h3><p>Erasmus+ Spor alan\u0131ndaki faaliyetlerin temel hedefleri \u015funlard\u0131r:<\/p><ul><li><strong>Doping, \u015eike ve Ayr\u0131mc\u0131l\u0131kla M\u00fccadele<\/strong>: Sporun temiz ve adil bir ortamda yap\u0131lmas\u0131n\u0131 sa\u011flamak i\u00e7in uluslararas\u0131 boyutta bu olgularla m\u00fccadele.<\/li><li><strong>\u00c7ift Tarafl\u0131 Kariyer Olanaklar\u0131<\/strong>: Sporculara spor d\u0131\u015f\u0131nda kariyer f\u0131rsatlar\u0131 sunarak spor y\u00f6netimini te\u015fvik etmek.<\/li><li><strong>G\u00f6n\u00fcll\u00fcl\u00fck ve Sosyal \u0130\u00e7erme<\/strong>: Spor etkinliklerine kat\u0131l\u0131m\u0131n art\u0131r\u0131lmas\u0131, sosyal e\u015fitlik ve beden e\u011fitiminin \u00f6nemi hakk\u0131nda bilin\u00e7lendirme.<\/li><li><strong>Yenilik\u00e7i Uygulamalar<\/strong>: Spor faaliyetlerini ulusal, b\u00f6lgesel ve yerel d\u00fczeyde geli\u015ftirmek ve yenilik\u00e7i uygulamalarla sonu\u00e7land\u0131rmak.<\/li><\/ul><h3>Desteklenen Faaliyetler:<\/h3><p>Erasmus+ Spor alan\u0131nda iki t\u00fcr faaliyet desteklenmektedir:<\/p><ol><li><strong>\u0130\u015fbirli\u011fi Ortakl\u0131klar\u0131<\/strong>: Spor ile ilgili alanlarda i\u015fbirli\u011fi yapan projeler.<\/li><li><strong>Kar Amac\u0131 G\u00fctmeyen Spor Etkinlikleri<\/strong>: Spor etkinlikleri d\u00fczenleyerek sosyal yarar sa\u011flamak amac\u0131yla y\u00fcr\u00fct\u00fclen projeler.<\/li><\/ol><h3>Ba\u015fvuru Yapabilecek Kurulu\u015flar:<\/h3><p>Herhangi bir program \u00fclkesinden spor alan\u0131nda faaliyet g\u00f6steren kamu kurumlar\u0131 ya da kar amac\u0131 g\u00fctmeyen kurulu\u015flar Erasmus+ Spor desteklerinden yararlanabilir. Bu kurulu\u015flar aras\u0131nda \u015funlar yer al\u0131r:<\/p><ul><li>Ulusal, b\u00f6lgesel veya yerel d\u00fczeyde spordan sorumlu kamu kurumlar\u0131.<\/li><li>Ulusal Olimpiyat Komitesi veya Ulusal Olimpiyat Konfederasyonu.<\/li><li>Uluslararas\u0131, ulusal, b\u00f6lgesel veya Avrupa d\u00fczeyindeki spor kurum veya kurulu\u015flar\u0131.<\/li><li>Spor kul\u00fcpleri ve sporu temsil eden organizasyonlar.<\/li><li>E\u011fitim, \u00f6\u011fretim veya gen\u00e7lik alan\u0131nda aktif olan organizasyonlar.<\/li><\/ul><p><strong>Not<\/strong>: \u0130\u015fbirli\u011fi Ortakl\u0131\u011f\u0131 projeleri en az be\u015f farkl\u0131 program \u00fclkesinden, be\u015f farkl\u0131 kurumu kapsamal\u0131d\u0131r. Kar amac\u0131 g\u00fctmeyen spor etkinlikleri ise en az on iki program \u00fclkesinden kat\u0131l\u0131mc\u0131 veya ortak kurulu\u015f i\u00e7ermelidir.<\/p><p>Daha fazla bilgi i\u00e7in Erasmus+ Program\u0131&#8217;n\u0131n resmi web sitesini ziyaret edebilirsiniz: <a href=\"https:\/\/ec.europa.eu\/programmes\/erasmus-plus\/\" target=\"_new\" rel=\"noopener\">Erasmus+ Spor<\/a><\/p><\/div><\/div>\t\t\t\t\t\t\t\t<\/div>\n\t\t\t\t<\/div>\n\t\t\t\t\t<\/div>\n\t\t<\/div>\n\t\t\t\t\t<\/div>\n\t\t<\/section>\n\t\t\t\t<\/div>\n\t\t","protected":false},"excerpt":{"rendered":"<p>Proje S\u00fcresi Ne Kadard\u0131r? Proje s\u00fcreleri \u0130\u015fbirli\u011fi Ortakl\u0131klar\u0131 i\u00e7in 1 ila 3 y\u0131l aras\u0131ndad\u0131r. Spor Etkinlikleri i\u00e7in proje s\u00fcresi 1 y\u0131la kadard\u0131r. Hibe Deste\u011fi Ne Kadard\u0131r? \u2022&nbsp;&nbsp; &nbsp;\u0130\u015fbirli\u011fi Ortakl\u0131klar\u0131 projeleri [&hellip;]<\/p>\n","protected":false},"author":1,"featured_media":0,"parent":0,"menu_order":0,"comment_status":"closed","ping_status":"closed","template":"","meta":{"footnotes":""},"class_list":["post-593","page","type-page","status-publish","hentry"],"wpcf_dashboard":"<div class=\"woocommerce\"><div class=\"woocommerce-info\">Please log in first? <a class=\"wpneoShowLogin\" href=\"#\">Click here to login<\/a><\/div><div class=\"wpneo_login_form_div\" style=\"display: none;\"><form name=\"loginform\" id=\"loginform\" action=\"https:\/\/projepartneri.com\/wp-login.php\" method=\"post\"><p class=\"login-username\">\n\t\t\t\t<label for=\"user_login\">Kullan\u0131c\u0131 ad\u0131 ya da e-posta adresi<\/label>\n\t\t\t\t<input type=\"text\" name=\"log\" id=\"user_login\" autocomplete=\"username\" class=\"input\" value=\"\" size=\"20\" \/>\n\t\t\t<\/p><p class=\"login-password\">\n\t\t\t\t<label for=\"user_pass\">Parola<\/label>\n\t\t\t\t<input type=\"password\" name=\"pwd\" id=\"user_pass\" autocomplete=\"current-password\" spellcheck=\"false\" class=\"input\" value=\"\" size=\"20\" \/>\n\t\t\t<\/p><p class=\"login-remember\"><label><input name=\"rememberme\" type=\"checkbox\" id=\"rememberme\" value=\"forever\" \/> Beni hat\u0131rla<\/label><\/p><p class=\"login-submit\">\n\t\t\t\t<input type=\"submit\" name=\"wp-submit\" id=\"wp-submit\" class=\"button button-primary\" value=\"Oturum a\u00e7\" \/>\n\t\t\t\t<input type=\"hidden\" name=\"redirect_to\" value=\"https:\/\/projepartneri.com\/index.php?rest_route=%2Fwp%2Fv2%2Fpages%2F593\" \/>\n\t\t\t<\/p><\/form><\/div><\/div>","_links":{"self":[{"href":"https:\/\/projepartneri.com\/index.php?rest_route=\/wp\/v2\/pages\/593","targetHints":{"allow":["GET"]}}],"collection":[{"href":"https:\/\/projepartneri.com\/index.php?rest_route=\/wp\/v2\/pages"}],"about":[{"href":"https:\/\/projepartneri.com\/index.php?rest_route=\/wp\/v2\/types\/page"}],"author":[{"embeddable":true,"href":"https:\/\/projepartneri.com\/index.php?rest_route=\/wp\/v2\/users\/1"}],"replies":[{"embeddable":true,"href":"https:\/\/projepartneri.com\/index.php?rest_route=%2Fwp%2Fv2%2Fcomments&post=593"}],"version-history":[{"count":7,"href":"https:\/\/projepartneri.com\/index.php?rest_route=\/wp\/v2\/pages\/593\/revisions"}],"predecessor-version":[{"id":805,"href":"https:\/\/projepartneri.com\/index.php?rest_route=\/wp\/v2\/pages\/593\/revisions\/805"}],"wp:attachment":[{"href":"https:\/\/projepartneri.com\/index.php?rest_route=%2Fwp%2Fv2%2Fmedia&parent=593"}],"curies":[{"name":"wp","href":"https:\/\/api.w.org\/{rel}","templated":true}]}}