{"id":600,"date":"2024-10-08T21:45:43","date_gmt":"2024-10-08T21:45:43","guid":{"rendered":"https:\/\/projepartneri.com\/?page_id=600"},"modified":"2024-10-25T08:01:26","modified_gmt":"2024-10-25T08:01:26","slug":"jean-monnet-programi","status":"publish","type":"page","link":"https:\/\/projepartneri.com\/?page_id=600","title":{"rendered":"Jean Monnet Program\u0131"},"content":{"rendered":"\t\t<div data-elementor-type=\"wp-page\" data-elementor-id=\"600\" class=\"elementor elementor-600\">\n\t\t\t\t\t\t<section class=\"elementor-section elementor-top-section elementor-element elementor-element-44466666 elementor-section-boxed elementor-section-height-default elementor-section-height-default\" data-id=\"44466666\" data-element_type=\"section\">\n\t\t\t\t\t\t<div class=\"elementor-container elementor-column-gap-default\">\n\t\t\t\t\t<div class=\"elementor-column elementor-col-50 elementor-top-column elementor-element elementor-element-3c790b3\" data-id=\"3c790b3\" data-element_type=\"column\">\n\t\t\t<div class=\"elementor-widget-wrap elementor-element-populated\">\n\t\t\t\t\t\t<div class=\"elementor-element elementor-element-7aab7738 elementor-widget elementor-widget-gva-image-content\" data-id=\"7aab7738\" data-element_type=\"widget\" data-widget_type=\"gva-image-content.default\">\n\t\t\t\t<div class=\"elementor-widget-container\">\n\t\t\t\t\t<div class=\"gva-element-gva-image-content gva-element\">\t\t\r\n\t  \r\n\t \r\n\r\n\t \r\n\r\n\t \r\n\r\n\t\t\t<div class=\"about-four__single\">\r\n\t\t\t<div class=\"about-four__wrap\">\r\n\t\t\t  \t<div class=\"about-four__left\"><div class=\"about-four__image-second\"><div class=\"content-inner\">\t\t  <a href=\"https:\/\/gaviaspreview.com\/wp\/qizon\/about\/\">\r\n\t\t\t <img decoding=\"async\" src=\"https:\/\/gaviaspreview.com\/wp\/qizon\/wp-content\/uploads\/2022\/12\/image-07.jpg\" alt=\"\" \/>\t\t  <\/a>\r\n\t\t  <\/div><\/div><\/div><div class=\"about-four__right\"><div class=\"about-four__image\"><div class=\"content-inner\">\t\t  <a href=\"https:\/\/gaviaspreview.com\/wp\/qizon\/about\/\">\r\n\t\t\t <img decoding=\"async\" src=\"https:\/\/gaviaspreview.com\/wp\/qizon\/wp-content\/uploads\/2022\/12\/image-06.jpg\" alt=\"\" \/>\t\t  <\/a>\r\n\t\t  <\/div><\/div><\/div>\t\t\t<\/div>\t\r\n\t\t<\/div>\r\n\t \r\n  \r\n \r\n\r\n  \r\n \r\n\r\n <\/div>\t\t\t\t<\/div>\n\t\t\t\t<\/div>\n\t\t\t\t<div class=\"elementor-element elementor-element-5fd4159b elementor-widget elementor-widget-text-editor\" data-id=\"5fd4159b\" data-element_type=\"widget\" data-widget_type=\"text-editor.default\">\n\t\t\t\t<div class=\"elementor-widget-container\">\n\t\t\t\t\t\t\t\t\t<div class=\"main-content\"><div class=\"sfContentBlock\"><h3 style=\"box-sizing: border-box; margin-top: 15px; margin-bottom: 20px; font-family: var(--qizon-heading-font-family); font-weight: 600; line-height: 1.22; color: var(--e-global-color-accent); font-size: 1.5rem; letter-spacing: -0.02em;\">Hibe Deste\u011fi Ne Kadard\u0131r?<\/h3><div class=\"sfContentBlock\" style=\"box-sizing: border-box; color: #848493; font-family: 'Lexend Deca', sans-serif; font-size: 16px; font-style: normal; font-variant-ligatures: normal; font-variant-caps: normal; font-weight: 300; letter-spacing: normal; orphans: 2; text-align: start; text-indent: 0px; text-transform: none; widows: 2; word-spacing: 0px; -webkit-text-stroke-width: 0px; white-space: normal; background-color: #ffffff; text-decoration-thickness: initial; text-decoration-style: initial; text-decoration-color: initial;\"><p style=\"box-sizing: border-box; margin-top: 0px; margin-bottom: 1rem;\">Desteklenen faaliyete g\u00f6re proje s\u00fcreleri farkl\u0131l\u0131k g\u00f6stermektedir. Desteklenen her bir faaliyetin detaylar\u0131 i\u00e7erisinde proje s\u00fcreleri bilgisi verilmi\u015ftir. L\u00fctfen Jean Monnet kapsam\u0131nda desteklenen faaliyetleri inceleyiniz.<\/p><\/div><h3 style=\"box-sizing: border-box; margin-top: 15px; margin-bottom: 20px; font-family: var(--qizon-heading-font-family); font-weight: 600; line-height: 1.22; color: var(--e-global-color-accent); font-size: 1.5rem; letter-spacing: -0.02em;\">Ba\u015fvurular Nereye Yap\u0131lmal\u0131d\u0131r?<\/h3><div class=\"sfContentBlock\" style=\"color: #848493; font-size: 16px; font-weight: 300; letter-spacing: normal;\"><p>Jean Monnet Faaliyetleri, Komisyon Merkezli faaliyetler oldu\u011fundan do\u011frudan Br\u00fcksel\u2019deki E\u011fitim, \u0130\u015fitsel ve G\u00f6rsel ve K\u00fclt\u00fcr Y\u00fcr\u00fctme Ajans\u0131\u2019na (Education, Audio-Visual and Culture Executive Agency) sunulacakt\u0131r.<\/p><p><a class=\"link\" href=\"http:\/\/eacea.ec.europa.eu\/erasmus-plus_en\">http:\/\/eacea.ec.europa.eu\/erasmus-plus_en<\/a><\/p><p><a class=\"link\" href=\"http:\/\/www.ua.gov.tr\/programlar\/teklif-%C3%A7a%C4%9Fr%C4%B1lar%C4%B1\" target=\"_blank\" rel=\"noopener\">Program Rehberi (TR)<\/a><br \/><a class=\"link\" href=\"http:\/\/www.ua.gov.tr\/programlar\/teklif-%C3%A7a%C4%9Fr%C4%B1lar%C4%B1\" target=\"_blank\" rel=\"noopener\">Program Rehberi (EN)<\/a><\/p><p>\u00a0<\/p><\/div><p style=\"color: #848493; font-size: 16px; font-weight: 300; letter-spacing: normal;\">Bu sayfadaki bilgiler T\u00fcrkiye Ulusal Ajans\u0131 Resmi Web Sitesinden al\u0131nm\u0131\u015ft\u0131r. Daha ayr\u0131nt\u0131l\u0131 bilgi i\u00e7in\u00a0<a href=\"http:\/\/www.ua.gov.tr\/programlar\/erasmus-program%C4%B1\/merkezi-faaliyetler\/jean-monnet\" target=\"_blank\" rel=\"noopener\">adresini\u00a0<\/a>ziyaret edebilirsiniz.<\/p><\/div><\/div>\t\t\t\t\t\t\t\t<\/div>\n\t\t\t\t<\/div>\n\t\t\t\t\t<\/div>\n\t\t<\/div>\n\t\t\t\t<div class=\"elementor-column elementor-col-50 elementor-top-column elementor-element elementor-element-751bad79\" data-id=\"751bad79\" data-element_type=\"column\">\n\t\t\t<div class=\"elementor-widget-wrap elementor-element-populated\">\n\t\t\t\t\t\t<div class=\"elementor-element elementor-element-7cdd5849 elementor-widget elementor-widget-text-editor\" data-id=\"7cdd5849\" data-element_type=\"widget\" data-widget_type=\"text-editor.default\">\n\t\t\t\t<div class=\"elementor-widget-container\">\n\t\t\t\t\t\t\t\t\t<h3>Jean Monnet Faaliyetleri Nedir?<\/h3>\t\t\t\t\t\t\t\t<\/div>\n\t\t\t\t<\/div>\n\t\t\t\t<div class=\"elementor-element elementor-element-668a0cc4 elementor-widget elementor-widget-text-editor\" data-id=\"668a0cc4\" data-element_type=\"widget\" data-widget_type=\"text-editor.default\">\n\t\t\t\t<div class=\"elementor-widget-container\">\n\t\t\t\t\t\t\t\t\t<div class=\"main-content\">\n<div class=\"sfContentBlock\">\n<div class=\"sfContentBlock\">\n<p>Jean Monnet Faaliyetleri<del cite=\"mailto:Sony\" datetime=\"2014-01-04T20:14\"><\/del>, d\u00fcnya \u00e7ap\u0131nda Avrupa Birli\u011fi \u00e7al\u0131\u015fmalar\u0131 alan\u0131nda ara\u015ft\u0131rma ve \u00f6\u011fretme konusunda m\u00fckemmelli\u011fi te\u015fvik eden faaliyetlerdir. Faaliyetlerin temel konu alanlar\u0131 a\u015fa\u011f\u0131da verilmektedir:<\/p>\n<ul>\n<li>AB ve Kar\u015f\u0131la\u015ft\u0131rmal\u0131 B\u00f6lgesellik \u00c7al\u0131\u015fmalar\u0131<\/li>\n<li>AB \u0130leti\u015fim ve Bilgi \u00c7al\u0131\u015fmalar\u0131<\/li>\n<li>AB Ekonomi \u00c7al\u0131\u015fmalar\u0131<\/li>\n<li>AB Tarih \u00c7al\u0131\u015fmalar\u0131<\/li>\n<li>AB K\u00fclt\u00fcrler Aras\u0131 Diyalog \u00c7al\u0131\u015fmalar\u0131<\/li>\n<li>AB Disiplinler Aras\u0131 \u00c7al\u0131\u015fmalar<\/li>\n<li>AB Uluslararas\u0131 \u0130li\u015fkiler ve Diplomas\u0131 \u00c7al\u0131\u015fmalar\u0131<\/li>\n<li>AB Hukuk \u00c7al\u0131\u015fmalar\u0131<\/li>\n<li>AB Siyasi ve \u0130dari \u00c7al\u0131\u015fmalar\u0131<\/li>\n<\/ul>\n<h3>Hangi Faaliyetler Desteklenmektedir?<\/h3>\n<p>A\u015fa\u011f\u0131da yer alan faaliyetler program kapsam\u0131nda desteklenebilecektir<\/p>\n<ol>\n<li><a class=\"no-icon link\" href=\"http:\/\/www.ua.gov.tr\/programlar\/erasmus-program%c4%b1\/merkezi-faaliyetler\/jean-monnet\/jean-monnet-mod%C3%BClleri\" target=\"_blank\" rel=\"noopener\">Jean Monnet Mod\u00fclleri<\/a><\/li>\n<li><a class=\"no-icon link\" href=\"http:\/\/www.ua.gov.tr\/programlar\/erasmus-program%c4%b1\/merkezi-faaliyetler\/jean-monnet\/jean-monnet-k%C3%BCrs%C3%BC-ba%C5%9Fkanl%C4%B1klar%C4%B1\" target=\"_blank\" rel=\"noopener\">Jean Monnet K\u00fcrs\u00fc Ba\u015fkanl\u0131klar\u0131<\/a><\/li>\n<li><a class=\"no-icon link\" href=\"http:\/\/www.ua.gov.tr\/programlar\/erasmus-program%c4%b1\/merkezi-faaliyetler\/jean-monnet\/jean-monnet-m%C3%BCkemmellik-merkezleri\" target=\"_blank\" rel=\"noopener\">Jean Monnet M\u00fckemmellik Merkezleri<\/a><\/li>\n<li><a class=\"no-icon link\" href=\"http:\/\/www.ua.gov.tr\/programlar\/erasmus-program%c4%b1\/merkezi-faaliyetler\/jean-monnet\/kurum-ve-derneklere-jean-monnet-deste%C4%9Fi\" target=\"_blank\" rel=\"noopener\">Kurum ve Derneklere Jean Monnet Deste\u011fi<\/a><\/li>\n<li><a class=\"no-icon link\" href=\"http:\/\/www.ua.gov.tr\/programlar\/erasmus-program%c4%b1\/merkezi-faaliyetler\/jean-monnet\/jean-monnet-a%C4%9Flar%C4%B1\" target=\"_blank\" rel=\"noopener\">Jean Monnet A\u011flar\u0131<\/a><\/li>\n<li><a class=\"no-icon link\" href=\"http:\/\/www.ua.gov.tr\/programlar\/erasmus-program%c4%b1\/merkezi-faaliyetler\/jean-monnet\/jean-monnet-projeleri\" target=\"_blank\" rel=\"noopener\">Jean Monnet Projeleri<\/a><\/li>\n<\/ol>\n<h3>&nbsp;<\/h3>\n<h3>Kimler Ba\u015fvuru Yapabilir?<\/h3>\n<p>Desteklenen faaliyete g\u00f6re ba\u015fvuru yapabilecek kurum\/kurulu\u015flar farkl\u0131l\u0131k g\u00f6stermektedir. Desteklenen her bir faaliyetin detaylar\u0131 i\u00e7erisinde kimlerin ba\u015fvuraca\u011f\u0131 bilgisi verilmi\u015ftir. L\u00fctfen Jean Monnet kapsam\u0131nda desteklenen faaliyetleri inceleyiniz.<\/p>\n<h3>Proje S\u00fcresi Ne Kadard\u0131r?<\/h3>\n<p>Desteklenen faaliyete g\u00f6re proje s\u00fcreleri farkl\u0131l\u0131k g\u00f6stermektedir. Desteklenen her bir faaliyetin detaylar\u0131 i\u00e7erisinde proje s\u00fcreleri bilgisi verilmi\u015ftir. L\u00fctfen Jean Monnet kapsam\u0131nda desteklenen faaliyetleri inceleyiniz.<\/p>\n<h3>&nbsp;<strong style=\"color: var(--e-global-color-text); font-family: var(--qizon-font-sans-serif); font-size: 16px;\">Jean Monnet Faaliyetleri<\/strong><span style=\"color: var(--e-global-color-text); font-family: var(--qizon-font-sans-serif); font-size: 16px; font-weight: 300;\">, d\u00fcnya genelinde Avrupa Birli\u011fi (AB) \u00e7al\u0131\u015fmalar\u0131 alan\u0131nda ara\u015ft\u0131rma ve \u00f6\u011fretim m\u00fckemmelli\u011fini te\u015fvik eden projelerdir. Bu faaliyetler, AB\u2019nin \u00e7e\u015fitli y\u00f6nlerini incelemek ve \u00f6\u011fretmek amac\u0131yla tasarlanm\u0131\u015ft\u0131r. A\u015fa\u011f\u0131da, faaliyetlerin temel konu alanlar\u0131 yer almaktad\u0131r:<\/span><\/h3><ul><li><strong>AB ve Kar\u015f\u0131la\u015ft\u0131rmal\u0131 B\u00f6lgesellik \u00c7al\u0131\u015fmalar\u0131<\/strong><\/li><li><strong>AB \u0130leti\u015fim ve Bilgi \u00c7al\u0131\u015fmalar\u0131<\/strong><\/li><li><strong>AB Ekonomi \u00c7al\u0131\u015fmalar\u0131<\/strong><\/li><li><strong>AB Tarih \u00c7al\u0131\u015fmalar\u0131<\/strong><\/li><li><strong>AB K\u00fclt\u00fcrler Aras\u0131 Diyalog \u00c7al\u0131\u015fmalar\u0131<\/strong><\/li><li><strong>AB Disiplinler Aras\u0131 \u00c7al\u0131\u015fmalar<\/strong><\/li><li><strong>AB Uluslararas\u0131 \u0130li\u015fkiler ve Diplomasisi \u00c7al\u0131\u015fmalar\u0131<\/strong><\/li><li><strong>AB Hukuk \u00c7al\u0131\u015fmalar\u0131<\/strong><\/li><li><strong>AB Siyasi ve \u0130dari \u00c7al\u0131\u015fmalar\u0131<\/strong><\/li><\/ul><h3>Desteklenen Faaliyetler<\/h3><p>Jean Monnet Program\u0131 kapsam\u0131nda desteklenen faaliyetler \u015funlard\u0131r:<\/p><ul><li><strong>Jean Monnet Mod\u00fclleri<\/strong><\/li><li><strong>Jean Monnet K\u00fcrs\u00fc Ba\u015fkanl\u0131klar\u0131<\/strong><\/li><li><strong>Jean Monnet M\u00fckemmellik Merkezleri<\/strong><\/li><li><strong>Kurum ve Derneklere Jean Monnet Deste\u011fi<\/strong><\/li><li><strong>Jean Monnet A\u011flar\u0131<\/strong><\/li><li><strong>Jean Monnet Projeleri<\/strong><\/li><\/ul><h3>Kimler Ba\u015fvuru Yapabilir?<\/h3><p>Ba\u015fvuru yapabilecek kurum ve kurulu\u015flar, desteklenen faaliyete g\u00f6re de\u011fi\u015fiklik g\u00f6stermektedir. Her bir faaliyetin detaylar\u0131nda kimlerin ba\u015fvurabilece\u011fi ile ilgili bilgiler bulunmaktad\u0131r. Jean Monnet kapsam\u0131nda desteklenen faaliyetleri incelemeniz \u00f6nerilir.<\/p><h3>Proje S\u00fcresi Ne Kadard\u0131r?<\/h3><p>Proje s\u00fcreleri, desteklenen faaliyete g\u00f6re farkl\u0131l\u0131k g\u00f6stermektedir. Her bir faaliyetin detaylar\u0131nda proje s\u00fcreleriyle ilgili bilgiler yer almaktad\u0131r. Jean Monnet kapsam\u0131nda desteklenen faaliyetlerin incelemesi \u00f6nerilir.<\/p><p>Daha fazla bilgiye Jean Monnet Program\u0131&#8217;n\u0131n resmi web sitesinden ula\u015fabilirsiniz: <a rel=\"noopener\" target=\"_new\" href=\"https:\/\/ec.europa.eu\/programmes\/erasmus-plus\/opportunities\/jean-monnet_en\">Jean Monnet Program\u0131<\/a>.<\/p>\n<\/div>\n<\/div>\n<\/div>\t\t\t\t\t\t\t\t<\/div>\n\t\t\t\t<\/div>\n\t\t\t\t\t<\/div>\n\t\t<\/div>\n\t\t\t\t\t<\/div>\n\t\t<\/section>\n\t\t\t\t<\/div>\n\t\t","protected":false},"excerpt":{"rendered":"<p>Hibe Deste\u011fi Ne Kadard\u0131r? Desteklenen faaliyete g\u00f6re proje s\u00fcreleri farkl\u0131l\u0131k g\u00f6stermektedir. Desteklenen her bir faaliyetin detaylar\u0131 i\u00e7erisinde proje s\u00fcreleri bilgisi verilmi\u015ftir. L\u00fctfen Jean Monnet kapsam\u0131nda desteklenen faaliyetleri inceleyiniz. Ba\u015fvurular Nereye [&hellip;]<\/p>\n","protected":false},"author":1,"featured_media":0,"parent":0,"menu_order":0,"comment_status":"closed","ping_status":"closed","template":"","meta":{"footnotes":""},"class_list":["post-600","page","type-page","status-publish","hentry"],"wpcf_dashboard":"<div class=\"woocommerce\"><div class=\"woocommerce-info\">Please log in first? <a class=\"wpneoShowLogin\" href=\"#\">Click here to login<\/a><\/div><div class=\"wpneo_login_form_div\" style=\"display: none;\"><form name=\"loginform\" id=\"loginform\" action=\"https:\/\/projepartneri.com\/wp-login.php\" method=\"post\"><p class=\"login-username\">\n\t\t\t\t<label for=\"user_login\">Kullan\u0131c\u0131 ad\u0131 ya da e-posta adresi<\/label>\n\t\t\t\t<input type=\"text\" name=\"log\" id=\"user_login\" autocomplete=\"username\" class=\"input\" value=\"\" size=\"20\" \/>\n\t\t\t<\/p><p class=\"login-password\">\n\t\t\t\t<label for=\"user_pass\">Parola<\/label>\n\t\t\t\t<input type=\"password\" name=\"pwd\" id=\"user_pass\" autocomplete=\"current-password\" spellcheck=\"false\" class=\"input\" value=\"\" size=\"20\" \/>\n\t\t\t<\/p><p class=\"login-remember\"><label><input name=\"rememberme\" type=\"checkbox\" id=\"rememberme\" value=\"forever\" \/> Beni hat\u0131rla<\/label><\/p><p class=\"login-submit\">\n\t\t\t\t<input type=\"submit\" name=\"wp-submit\" id=\"wp-submit\" class=\"button button-primary\" value=\"Oturum a\u00e7\" \/>\n\t\t\t\t<input type=\"hidden\" name=\"redirect_to\" value=\"https:\/\/projepartneri.com\/index.php?rest_route=%2Fwp%2Fv2%2Fpages%2F600\" \/>\n\t\t\t<\/p><\/form><\/div><\/div>","_links":{"self":[{"href":"https:\/\/projepartneri.com\/index.php?rest_route=\/wp\/v2\/pages\/600","targetHints":{"allow":["GET"]}}],"collection":[{"href":"https:\/\/projepartneri.com\/index.php?rest_route=\/wp\/v2\/pages"}],"about":[{"href":"https:\/\/projepartneri.com\/index.php?rest_route=\/wp\/v2\/types\/page"}],"author":[{"embeddable":true,"href":"https:\/\/projepartneri.com\/index.php?rest_route=\/wp\/v2\/users\/1"}],"replies":[{"embeddable":true,"href":"https:\/\/projepartneri.com\/index.php?rest_route=%2Fwp%2Fv2%2Fcomments&post=600"}],"version-history":[{"count":7,"href":"https:\/\/projepartneri.com\/index.php?rest_route=\/wp\/v2\/pages\/600\/revisions"}],"predecessor-version":[{"id":808,"href":"https:\/\/projepartneri.com\/index.php?rest_route=\/wp\/v2\/pages\/600\/revisions\/808"}],"wp:attachment":[{"href":"https:\/\/projepartneri.com\/index.php?rest_route=%2Fwp%2Fv2%2Fmedia&parent=600"}],"curies":[{"name":"wp","href":"https:\/\/api.w.org\/{rel}","templated":true}]}}