{"id":621,"date":"2024-10-08T22:00:40","date_gmt":"2024-10-08T22:00:40","guid":{"rendered":"https:\/\/projepartneri.com\/?page_id=621"},"modified":"2024-10-25T07:35:40","modified_gmt":"2024-10-25T07:35:40","slug":"tur-ve-gezi-organizasyonlari","status":"publish","type":"page","link":"https:\/\/projepartneri.com\/?page_id=621","title":{"rendered":"Tur ve Gezi Organizasyonlar\u0131"},"content":{"rendered":"\t\t<div data-elementor-type=\"wp-page\" data-elementor-id=\"621\" class=\"elementor elementor-621\">\n\t\t\t\t\t\t<section class=\"elementor-section elementor-top-section elementor-element elementor-element-69e15f23 elementor-section-boxed elementor-section-height-default elementor-section-height-default\" data-id=\"69e15f23\" data-element_type=\"section\">\n\t\t\t\t\t\t<div class=\"elementor-container elementor-column-gap-default\">\n\t\t\t\t\t<div class=\"elementor-column elementor-col-50 elementor-top-column elementor-element elementor-element-790cec16\" data-id=\"790cec16\" data-element_type=\"column\">\n\t\t\t<div class=\"elementor-widget-wrap elementor-element-populated\">\n\t\t\t\t\t\t<div class=\"elementor-element elementor-element-5f95ea05 elementor-widget elementor-widget-gva-image-content\" data-id=\"5f95ea05\" data-element_type=\"widget\" data-widget_type=\"gva-image-content.default\">\n\t\t\t\t<div class=\"elementor-widget-container\">\n\t\t\t\t\t<div class=\"gva-element-gva-image-content gva-element\">\t\t\r\n\t  \r\n\t \r\n\r\n\t \r\n\r\n\t \r\n\r\n\t\t\t<div class=\"about-four__single\">\r\n\t\t\t<div class=\"about-four__wrap\">\r\n\t\t\t  \t<div class=\"about-four__left\"><div class=\"about-four__image-second\"><div class=\"content-inner\">\t\t  <a href=\"https:\/\/gaviaspreview.com\/wp\/qizon\/about\/\">\r\n\t\t\t <img decoding=\"async\" src=\"https:\/\/gaviaspreview.com\/wp\/qizon\/wp-content\/uploads\/2022\/12\/image-07.jpg\" alt=\"\" \/>\t\t  <\/a>\r\n\t\t  <\/div><\/div><\/div><div class=\"about-four__right\"><div class=\"about-four__image\"><div class=\"content-inner\">\t\t  <a href=\"https:\/\/gaviaspreview.com\/wp\/qizon\/about\/\">\r\n\t\t\t <img decoding=\"async\" src=\"https:\/\/gaviaspreview.com\/wp\/qizon\/wp-content\/uploads\/2022\/12\/image-06.jpg\" alt=\"\" \/>\t\t  <\/a>\r\n\t\t  <\/div><\/div><\/div>\t\t\t<\/div>\t\r\n\t\t<\/div>\r\n\t \r\n  \r\n \r\n\r\n  \r\n \r\n\r\n <\/div>\t\t\t\t<\/div>\n\t\t\t\t<\/div>\n\t\t\t\t\t<\/div>\n\t\t<\/div>\n\t\t\t\t<div class=\"elementor-column elementor-col-50 elementor-top-column elementor-element elementor-element-15eb2ab5\" data-id=\"15eb2ab5\" data-element_type=\"column\">\n\t\t\t<div class=\"elementor-widget-wrap elementor-element-populated\">\n\t\t\t\t\t\t<div class=\"elementor-element elementor-element-773a40be elementor-widget elementor-widget-text-editor\" data-id=\"773a40be\" data-element_type=\"widget\" data-widget_type=\"text-editor.default\">\n\t\t\t\t<div class=\"elementor-widget-container\">\n\t\t\t\t\t\t\t\t\t<div class=\"main-content\"><div class=\"sfContentBlock\"><p>Kurumumuz, Erasmus+ projeleri kapsam\u0131nda veya tamamen ba\u011f\u0131ms\u0131z olarak Tur ve Gezi Organizasyonlar\u0131 yapmaktad\u0131r. Avrupa merkezli olan \u015firketimiz, \u00f6zellikle k\u00fclt\u00fcr turlar\u0131 a\u00e7\u0131s\u0131ndan b\u00fcy\u00fck bir avantaj sunmaktad\u0131r.<\/p><h3>Erasmus+ Program\u0131 Kapsam\u0131nda Yap\u0131lan Turlar:<\/h3><p>Erasmus+ Program\u0131 kapsam\u0131nda hizmet verdi\u011fimiz gruplara, proje i\u00e7in geldikleri \u015fehir ba\u015fta olmak \u00fczere, yak\u0131n \u015fehirlere ve di\u011fer Avrupa \u015fehirlerine k\u00fclt\u00fcr ve gezi turlar\u0131 d\u00fczenliyoruz. Proje i\u00e7in gelinen \u015fehirdeki ve yak\u0131n mesafelerde bulunan tarihi mekanlara yap\u0131lan turlar i\u00e7in kat\u0131l\u0131mc\u0131lar\u0131m\u0131zdan herhangi bir \u00fccret talep edilmemektedir. Proje s\u00fcresinin elverdi\u011fi \u00f6l\u00e7\u00fcde, di\u011fer Avrupa \u015fehirlerine yap\u0131lacak turlarda ise herhangi bir kar amac\u0131 g\u00fctmeden sadece maliyetleri kat\u0131l\u0131mc\u0131lara yans\u0131tarak organizasyonlar ger\u00e7ekle\u015ftirmekteyiz.<\/p><h3>Ba\u011f\u0131ms\u0131z Tur ve Gezi Organizasyonlar\u0131:<\/h3><p>\u015eirketimiz iste\u011fe ba\u011fl\u0131 olarak gruplar i\u00e7in tur organizasyonlar\u0131 d\u00fczenlemektedir. Bu kapsamda, devlet kurumlar\u0131, \u00f6zel \u015firketler, orta \u00f6\u011fretim okullar\u0131, \u00fcniversiteler ve sivil toplum kurulu\u015flar\u0131na hizmet vermekteyiz. Turlar\u0131m\u0131z, tarihi ve k\u00fclt\u00fcrel zenginlikleri ile \u00f6ne \u00e7\u0131kan \u0130talya&#8217;daki \u015fehirleri de kapsamaktad\u0131r.<\/p><ul><li><strong>Floransa<\/strong>, R\u00f6nesans&#8217;\u0131n do\u011fum yeri olarak bilinir ve muhte\u015fem sanat eserleriyle doludur.<\/li><li><strong>Roma<\/strong>, antik kal\u0131nt\u0131lar\u0131 ve etkileyici mimarisi ile tarihi bir a\u00e7\u0131k hava m\u00fczesidir.<\/li><li><strong>Venedik<\/strong>, kanallar\u0131 ve benzersiz yap\u0131lar\u0131yla romantik bir atmosfer sunar.<\/li><\/ul><\/div><\/div>\t\t\t\t\t\t\t\t<\/div>\n\t\t\t\t<\/div>\n\t\t\t\t\t<\/div>\n\t\t<\/div>\n\t\t\t\t\t<\/div>\n\t\t<\/section>\n\t\t\t\t<\/div>\n\t\t","protected":false},"excerpt":{"rendered":"<p>Kurumumuz, Erasmus+ projeleri kapsam\u0131nda veya tamamen ba\u011f\u0131ms\u0131z olarak Tur ve Gezi Organizasyonlar\u0131 yapmaktad\u0131r. Avrupa merkezli olan \u015firketimiz, \u00f6zellikle k\u00fclt\u00fcr turlar\u0131 a\u00e7\u0131s\u0131ndan b\u00fcy\u00fck bir avantaj sunmaktad\u0131r. Erasmus+ Program\u0131 Kapsam\u0131nda Yap\u0131lan Turlar: [&hellip;]<\/p>\n","protected":false},"author":1,"featured_media":0,"parent":0,"menu_order":0,"comment_status":"closed","ping_status":"closed","template":"","meta":{"footnotes":""},"class_list":["post-621","page","type-page","status-publish","hentry"],"wpcf_dashboard":"<div class=\"woocommerce\"><div class=\"woocommerce-info\">Please log in first? <a class=\"wpneoShowLogin\" href=\"#\">Click here to login<\/a><\/div><div class=\"wpneo_login_form_div\" style=\"display: none;\"><form name=\"loginform\" id=\"loginform\" action=\"https:\/\/projepartneri.com\/wp-login.php\" method=\"post\"><p class=\"login-username\">\n\t\t\t\t<label for=\"user_login\">Kullan\u0131c\u0131 ad\u0131 ya da e-posta adresi<\/label>\n\t\t\t\t<input type=\"text\" name=\"log\" id=\"user_login\" autocomplete=\"username\" class=\"input\" value=\"\" size=\"20\" \/>\n\t\t\t<\/p><p class=\"login-password\">\n\t\t\t\t<label for=\"user_pass\">Parola<\/label>\n\t\t\t\t<input type=\"password\" name=\"pwd\" id=\"user_pass\" autocomplete=\"current-password\" spellcheck=\"false\" class=\"input\" value=\"\" size=\"20\" \/>\n\t\t\t<\/p><p class=\"login-remember\"><label><input name=\"rememberme\" type=\"checkbox\" id=\"rememberme\" value=\"forever\" \/> Beni hat\u0131rla<\/label><\/p><p class=\"login-submit\">\n\t\t\t\t<input type=\"submit\" name=\"wp-submit\" id=\"wp-submit\" class=\"button button-primary\" value=\"Oturum a\u00e7\" \/>\n\t\t\t\t<input type=\"hidden\" name=\"redirect_to\" value=\"https:\/\/projepartneri.com\/index.php?rest_route=%2Fwp%2Fv2%2Fpages%2F621\" \/>\n\t\t\t<\/p><\/form><\/div><\/div>","_links":{"self":[{"href":"https:\/\/projepartneri.com\/index.php?rest_route=\/wp\/v2\/pages\/621","targetHints":{"allow":["GET"]}}],"collection":[{"href":"https:\/\/projepartneri.com\/index.php?rest_route=\/wp\/v2\/pages"}],"about":[{"href":"https:\/\/projepartneri.com\/index.php?rest_route=\/wp\/v2\/types\/page"}],"author":[{"embeddable":true,"href":"https:\/\/projepartneri.com\/index.php?rest_route=\/wp\/v2\/users\/1"}],"replies":[{"embeddable":true,"href":"https:\/\/projepartneri.com\/index.php?rest_route=%2Fwp%2Fv2%2Fcomments&post=621"}],"version-history":[{"count":7,"href":"https:\/\/projepartneri.com\/index.php?rest_route=\/wp\/v2\/pages\/621\/revisions"}],"predecessor-version":[{"id":770,"href":"https:\/\/projepartneri.com\/index.php?rest_route=\/wp\/v2\/pages\/621\/revisions\/770"}],"wp:attachment":[{"href":"https:\/\/projepartneri.com\/index.php?rest_route=%2Fwp%2Fv2%2Fmedia&parent=621"}],"curies":[{"name":"wp","href":"https:\/\/api.w.org\/{rel}","templated":true}]}}