{"id":628,"date":"2024-10-08T22:05:32","date_gmt":"2024-10-08T22:05:32","guid":{"rendered":"https:\/\/projepartneri.com\/?page_id=628"},"modified":"2024-10-08T22:07:17","modified_gmt":"2024-10-08T22:07:17","slug":"proje-yazma-ve-kabul-2","status":"publish","type":"page","link":"https:\/\/projepartneri.com\/?page_id=628","title":{"rendered":"Proje Yazma Ve Kabul"},"content":{"rendered":"\t\t<div data-elementor-type=\"wp-page\" data-elementor-id=\"628\" class=\"elementor elementor-628\">\n\t\t\t\t\t\t<section class=\"elementor-section elementor-top-section elementor-element elementor-element-590a7075 elementor-section-boxed elementor-section-height-default elementor-section-height-default\" data-id=\"590a7075\" data-element_type=\"section\">\n\t\t\t\t\t\t<div class=\"elementor-container elementor-column-gap-default\">\n\t\t\t\t\t<div class=\"elementor-column elementor-col-50 elementor-top-column elementor-element elementor-element-3ca84e40\" data-id=\"3ca84e40\" data-element_type=\"column\">\n\t\t\t<div class=\"elementor-widget-wrap elementor-element-populated\">\n\t\t\t\t\t\t<div class=\"elementor-element elementor-element-75151fb5 elementor-widget elementor-widget-gva-image-content\" data-id=\"75151fb5\" data-element_type=\"widget\" data-widget_type=\"gva-image-content.default\">\n\t\t\t\t<div class=\"elementor-widget-container\">\n\t\t\t\t\t<div class=\"gva-element-gva-image-content gva-element\">\t\t\r\n\t  \r\n\t \r\n\r\n\t \r\n\r\n\t \r\n\r\n\t\t\t<div class=\"about-four__single\">\r\n\t\t\t<div class=\"about-four__wrap\">\r\n\t\t\t  \t<div class=\"about-four__left\"><div class=\"about-four__image-second\"><div class=\"content-inner\">\t\t  <a href=\"https:\/\/gaviaspreview.com\/wp\/qizon\/about\/\">\r\n\t\t\t <img decoding=\"async\" src=\"https:\/\/gaviaspreview.com\/wp\/qizon\/wp-content\/uploads\/2022\/12\/image-07.jpg\" alt=\"\" \/>\t\t  <\/a>\r\n\t\t  <\/div><\/div><\/div><div class=\"about-four__right\"><div class=\"about-four__image\"><div class=\"content-inner\">\t\t  <a href=\"https:\/\/gaviaspreview.com\/wp\/qizon\/about\/\">\r\n\t\t\t <img decoding=\"async\" src=\"https:\/\/gaviaspreview.com\/wp\/qizon\/wp-content\/uploads\/2022\/12\/image-06.jpg\" alt=\"\" \/>\t\t  <\/a>\r\n\t\t  <\/div><\/div><\/div>\t\t\t<\/div>\t\r\n\t\t<\/div>\r\n\t \r\n  \r\n \r\n\r\n  \r\n \r\n\r\n <\/div>\t\t\t\t<\/div>\n\t\t\t\t<\/div>\n\t\t\t\t\t<\/div>\n\t\t<\/div>\n\t\t\t\t<div class=\"elementor-column elementor-col-50 elementor-top-column elementor-element elementor-element-58e83436\" data-id=\"58e83436\" data-element_type=\"column\">\n\t\t\t<div class=\"elementor-widget-wrap elementor-element-populated\">\n\t\t\t\t\t\t<div class=\"elementor-element elementor-element-15ee064a elementor-widget elementor-widget-text-editor\" data-id=\"15ee064a\" data-element_type=\"widget\" data-widget_type=\"text-editor.default\">\n\t\t\t\t<div class=\"elementor-widget-container\">\n\t\t\t\t\t\t\t\t\t<div class=\"main-content\"><div class=\"sfContentBlock\"><p>Erasmus+ programlar\u0131n\u0131n temel amac\u0131 \u00f6ncelikli olarak ki\u015filere yeni beceriler kazand\u0131rmak, ki\u015fisel geli\u015fimlerini ve kalifikasyonlar\u0131n\u0131 g\u00fc\u00e7lendirmek ve istihdam olanaklar\u0131n\u0131n art\u0131r\u0131lmas\u0131n\u0131 sa\u011flamakt\u0131r. Bu hedef do\u011frultusunda proje yazmak ve projenin kabul edilmesini sa\u011flamak i\u00e7in \u00f6ncelikli olarak projenin kapsam\u0131n\u0131 ve amac\u0131n\u0131 net olarak belirlemeniz gerekmektedir. Yani yap\u0131lacak olan hareketlilik program\u0131nda hedef kitleyi belirlemek, bu kitlenin program kapsam\u0131nda ki\u015fisel donan\u0131mlar\u0131na ne gibi faydalar sa\u011flayaca\u011f\u0131 projenin temelini olu\u015fturur.<\/p><p>Fikir baz\u0131nda proje belirlendikten sonra hedef kitle ve projenin i\u00e7eri\u011fine g\u00f6re size uygun Erasmus+ program\u0131n\u0131 belirlemeniz gerekiyor. Erasmus+ program \u00e7e\u015fitleri hakk\u0131nda sitemizden veya T\u00fcrkiye Ulusal Ajans resmi sitesinden (<a title=\"http:\/\/www.ua.gov.tr\" href=\"http:\/\/www.ua.gov.tr\/\" target=\"_blank\" rel=\"noopener\">http:\/\/www.ua.gov.tr<\/a>) bilgi alabilirsiniz.<\/p><p>Proje yazman\u0131n temeli bir\u00e7ok projede oldu\u011fu gibi Proje Haz\u0131rlama ve Proje D\u00f6ng\u00fc Y\u00f6netimi (PCM) e\u011fitiminden ge\u00e7er. Bu e\u011fitim \u00f6ncelikli olarak projenin ana ayaklar\u0131n\u0131 belirlemeyi ve bu ana ayaklar \u00fczerinde proje i\u00e7eri\u011finin sa\u011flam \u015fekilde doldurulmas\u0131 konusunda size gerekli olan bilgi donan\u0131m\u0131n\u0131 sa\u011flar. PCM e\u011fitimi konusunda \u00f6zel istek olmas\u0131 durumunda kurumumuz sizi uzman bir ki\u015fiye y\u00f6nlendirecektir. Kurum olarak tavsiyemiz PCM e\u011fitimi alm\u0131\u015f, proje yazma konusunda uzman ki\u015filerden dan\u0131\u015fmanl\u0131k veya tavsiye alman\u0131z y\u00f6n\u00fcndedir.<\/p><p>Tabii ki Erasmus+ program\u0131 yapabilmeniz i\u00e7in en \u00f6nemli ayak Avrupa`da yapaca\u011f\u0131n\u0131z projeye uygun bir ortak bulman\u0131zd\u0131r. Sitemizin i\u00e7eri\u011finden de anla\u015f\u0131laca\u011f\u0131 \u00fczere ortak bulma konusunda kurumumuzla irtibata ge\u00e7meniz yeterli olacakt\u0131r. Erasmus+ programlar\u0131 kapsam\u0131nda verdi\u011fimiz hizmetlerin temelini do\u011fru proje orta\u011f\u0131n\u0131 bulmak olu\u015fturmaktad\u0131r.<\/p><\/div><\/div>\t\t\t\t\t\t\t\t<\/div>\n\t\t\t\t<\/div>\n\t\t\t\t\t<\/div>\n\t\t<\/div>\n\t\t\t\t\t<\/div>\n\t\t<\/section>\n\t\t\t\t<\/div>\n\t\t","protected":false},"excerpt":{"rendered":"<p>Erasmus+ programlar\u0131n\u0131n temel amac\u0131 \u00f6ncelikli olarak ki\u015filere yeni beceriler kazand\u0131rmak, ki\u015fisel geli\u015fimlerini ve kalifikasyonlar\u0131n\u0131 g\u00fc\u00e7lendirmek ve istihdam olanaklar\u0131n\u0131n art\u0131r\u0131lmas\u0131n\u0131 sa\u011flamakt\u0131r. Bu hedef do\u011frultusunda proje yazmak ve projenin kabul edilmesini sa\u011flamak [&hellip;]<\/p>\n","protected":false},"author":1,"featured_media":0,"parent":0,"menu_order":0,"comment_status":"closed","ping_status":"closed","template":"","meta":{"footnotes":""},"class_list":["post-628","page","type-page","status-publish","hentry"],"wpcf_dashboard":"<div class=\"woocommerce\"><div class=\"woocommerce-info\">Please log in first? <a class=\"wpneoShowLogin\" href=\"#\">Click here to login<\/a><\/div><div class=\"wpneo_login_form_div\" style=\"display: none;\"><form name=\"loginform\" id=\"loginform\" action=\"https:\/\/projepartneri.com\/wp-login.php\" method=\"post\"><p class=\"login-username\">\n\t\t\t\t<label for=\"user_login\">Kullan\u0131c\u0131 ad\u0131 ya da e-posta adresi<\/label>\n\t\t\t\t<input type=\"text\" name=\"log\" id=\"user_login\" autocomplete=\"username\" class=\"input\" value=\"\" size=\"20\" \/>\n\t\t\t<\/p><p class=\"login-password\">\n\t\t\t\t<label for=\"user_pass\">Parola<\/label>\n\t\t\t\t<input type=\"password\" name=\"pwd\" id=\"user_pass\" autocomplete=\"current-password\" spellcheck=\"false\" class=\"input\" value=\"\" size=\"20\" \/>\n\t\t\t<\/p><p class=\"login-remember\"><label><input name=\"rememberme\" type=\"checkbox\" id=\"rememberme\" value=\"forever\" \/> Beni hat\u0131rla<\/label><\/p><p class=\"login-submit\">\n\t\t\t\t<input type=\"submit\" name=\"wp-submit\" id=\"wp-submit\" class=\"button button-primary\" value=\"Oturum a\u00e7\" \/>\n\t\t\t\t<input type=\"hidden\" name=\"redirect_to\" value=\"https:\/\/projepartneri.com\/index.php?rest_route=%2Fwp%2Fv2%2Fpages%2F628\" \/>\n\t\t\t<\/p><\/form><\/div><\/div>","_links":{"self":[{"href":"https:\/\/projepartneri.com\/index.php?rest_route=\/wp\/v2\/pages\/628","targetHints":{"allow":["GET"]}}],"collection":[{"href":"https:\/\/projepartneri.com\/index.php?rest_route=\/wp\/v2\/pages"}],"about":[{"href":"https:\/\/projepartneri.com\/index.php?rest_route=\/wp\/v2\/types\/page"}],"author":[{"embeddable":true,"href":"https:\/\/projepartneri.com\/index.php?rest_route=\/wp\/v2\/users\/1"}],"replies":[{"embeddable":true,"href":"https:\/\/projepartneri.com\/index.php?rest_route=%2Fwp%2Fv2%2Fcomments&post=628"}],"version-history":[{"count":4,"href":"https:\/\/projepartneri.com\/index.php?rest_route=\/wp\/v2\/pages\/628\/revisions"}],"predecessor-version":[{"id":634,"href":"https:\/\/projepartneri.com\/index.php?rest_route=\/wp\/v2\/pages\/628\/revisions\/634"}],"wp:attachment":[{"href":"https:\/\/projepartneri.com\/index.php?rest_route=%2Fwp%2Fv2%2Fmedia&parent=628"}],"curies":[{"name":"wp","href":"https:\/\/api.w.org\/{rel}","templated":true}]}}